{"id":11,"date":"2025-02-20T12:12:54","date_gmt":"2025-02-20T12:12:54","guid":{"rendered":"http:\/\/127.0.0.1\/?page_id=11"},"modified":"2026-03-23T08:31:13","modified_gmt":"2026-03-23T08:31:13","slug":"kapcsolat","status":"publish","type":"page","link":"https:\/\/avastetoi.hu\/index.php\/kapcsolat\/","title":{"rendered":"Kapcsolat"},"content":{"rendered":"\n<h2 class=\"wp-block-heading\">Avastet\u0151i \u00c1ltal\u00e1nos Iskola \u00e9s <br>Alapfok\u00fa M\u0171v\u00e9szeti Iskola<\/h2>\n\n\n\n<p>F\u0151igazgat\u00f3: <strong>T\u00f3thn\u00e9 Csorba M\u00e1ria<\/strong><\/p>\n\n\n\n<p>F\u0151igazgat\u00f3 helyettesek: <strong>Solt\u00e9szn\u00e9 Sz\u00e9les L\u00facia, Janotyik D\u00f3ra<\/strong><\/p>\n\n\n\n<p><\/p>\n\n\n\n<p>3524 Miskolc, Pattanty\u00fas utca 2.<\/p>\n\n\n\n<p>Tel: 46\/562-226<\/p>\n\n\n\n<p>E-mail: <a href=\"mailto:avastetoi@avastetoi-miskolc.edu.hu\">avastetoi@avastetoi-miskolc.edu.hu<\/a><\/p>\n\n\n\n<h2 class=\"wp-block-heading\">Avastet\u0151i \u00c1ltal\u00e1nos Iskola \u00e9s Alapfok\u00fa<br> M\u0171v\u00e9szeti Iskola Sz\u00e9chenyi Istv\u00e1n<br> \u00c1ltal\u00e1nos \u00e9s Alapfok\u00fa M\u0171v\u00e9szeti Tagiskol\u00e1ja<\/h2>\n\n\n\n<p>Tagint\u00e9zm\u00e9ny igazgat\u00f3: <strong>Erd\u0151syn\u00e9 Krotos Edit<\/strong><\/p>\n\n\n\n<p>Tagint\u00e9zm\u00e9ny igazgat\u00f3 helyettes: <strong>Moln\u00e1r Emese <\/strong><\/p>\n\n\n\n<p><\/p>\n\n\n\n<p>3524 Miskolc, Haj\u00f3s utca 5.<\/p>\n\n\n\n<p>Tel: 30\/753-9426<\/p>\n\n\n\n<p>E-mail: <a href=\"mailto:szechenyi@avastetoi-miskolc.edu.hu\">szechenyi@avastetoi-miskolc.edu.hu<\/a><\/p>\n","protected":false},"excerpt":{"rendered":"<p>Avastet\u0151i \u00c1ltal\u00e1nos Iskola \u00e9s Alapfok\u00fa M\u0171v\u00e9szeti Iskola F\u0151igazgat\u00f3: T\u00f3thn\u00e9 Csorba M\u00e1ria F\u0151igazgat\u00f3 helyettesek: Solt\u00e9szn\u00e9 Sz\u00e9les L\u00facia, Janotyik D\u00f3ra 3524 Miskolc, Pattanty\u00fas utca 2. Tel: 46\/562-226 E-mail: avastetoi@avastetoi-miskolc.edu.hu Avastet\u0151i \u00c1ltal\u00e1nos Iskola \u00e9s Alapfok\u00fa M\u0171v\u00e9szeti Iskola Sz\u00e9chenyi Istv\u00e1n \u00c1ltal\u00e1nos \u00e9s Alapfok\u00fa M\u0171v\u00e9szeti Tagiskol\u00e1ja Tagint\u00e9zm\u00e9ny igazgat\u00f3: Erd\u0151syn\u00e9 Krotos Edit Tagint\u00e9zm\u00e9ny igazgat\u00f3 helyettes: Moln\u00e1r Emese 3524 Miskolc, Haj\u00f3s utca &hellip; <a href=\"https:\/\/avastetoi.hu\/index.php\/kapcsolat\/\" class=\"more-link\"><span class=\"screen-reader-text\">Kapcsolat<\/span> b\u0151vebben&#8230; <span class=\"meta-nav\">&rarr;<\/span><\/a><\/p>\n","protected":false},"author":1,"featured_media":0,"parent":0,"menu_order":0,"comment_status":"closed","ping_status":"closed","template":"","meta":{"footnotes":""},"class_list":["post-11","page","type-page","status-publish","hentry"],"_links":{"self":[{"href":"https:\/\/avastetoi.hu\/index.php\/wp-json\/wp\/v2\/pages\/11","targetHints":{"allow":["GET"]}}],"collection":[{"href":"https:\/\/avastetoi.hu\/index.php\/wp-json\/wp\/v2\/pages"}],"about":[{"href":"https:\/\/avastetoi.hu\/index.php\/wp-json\/wp\/v2\/types\/page"}],"author":[{"embeddable":true,"href":"https:\/\/avastetoi.hu\/index.php\/wp-json\/wp\/v2\/users\/1"}],"replies":[{"embeddable":true,"href":"https:\/\/avastetoi.hu\/index.php\/wp-json\/wp\/v2\/comments?post=11"}],"version-history":[{"count":14,"href":"https:\/\/avastetoi.hu\/index.php\/wp-json\/wp\/v2\/pages\/11\/revisions"}],"predecessor-version":[{"id":543,"href":"https:\/\/avastetoi.hu\/index.php\/wp-json\/wp\/v2\/pages\/11\/revisions\/543"}],"wp:attachment":[{"href":"https:\/\/avastetoi.hu\/index.php\/wp-json\/wp\/v2\/media?parent=11"}],"curies":[{"name":"wp","href":"https:\/\/api.w.org\/{rel}","templated":true}]}}