{"id":13,"date":"2025-02-20T12:13:02","date_gmt":"2025-02-20T12:13:02","guid":{"rendered":"http:\/\/127.0.0.1\/?page_id=13"},"modified":"2025-10-16T09:36:13","modified_gmt":"2025-10-16T09:36:13","slug":"dokumentumok","status":"publish","type":"page","link":"https:\/\/avastetoi.hu\/index.php\/dokumentumok\/","title":{"rendered":"Dokumentumok"},"content":{"rendered":"\n<h2 class=\"wp-block-heading\"><a href=\"https:\/\/avastetoi.hu\/kozlista\/Kozzeteteli2024\/hazirend_2024.pdf\">H\u00e1zirend<\/a><\/h2>\n\n\n\n<h2 class=\"wp-block-heading\"><a href=\"http:\/\/avastetoi.hu\/wp-content\/uploads\/2025\/10\/Pedagogiai-program-2025.09.01.pdf\">Pedag\u00f3giai program<\/a><\/h2>\n\n\n\n<h2 class=\"wp-block-heading\"><a href=\"http:\/\/avastetoi.hu\/wp-content\/uploads\/2025\/10\/Szervezeti-es-mukodesi-szabalyzat-2025-Avastetoi-Szechenyi.pdf\">Szervezeti \u00e9s m\u0171k\u00f6d\u00e9si szab\u00e1lyzat<\/a><\/h2>\n\n\n\n<h2 class=\"wp-block-heading\"><a href=\"https:\/\/avastetoi.hu\/iskdok\/iskdoksik2022\/avastetoi_vizsgaszab_kieg2022.pdf\">Vizsgaszab\u00e1lyzat<\/a><\/h2>\n","protected":false},"excerpt":{"rendered":"<p>H\u00e1zirend Pedag\u00f3giai program Szervezeti \u00e9s m\u0171k\u00f6d\u00e9si szab\u00e1lyzat Vizsgaszab\u00e1lyzat<\/p>\n","protected":false},"author":1,"featured_media":0,"parent":0,"menu_order":0,"comment_status":"closed","ping_status":"closed","template":"","meta":{"footnotes":""},"class_list":["post-13","page","type-page","status-publish","hentry"],"_links":{"self":[{"href":"https:\/\/avastetoi.hu\/index.php\/wp-json\/wp\/v2\/pages\/13","targetHints":{"allow":["GET"]}}],"collection":[{"href":"https:\/\/avastetoi.hu\/index.php\/wp-json\/wp\/v2\/pages"}],"about":[{"href":"https:\/\/avastetoi.hu\/index.php\/wp-json\/wp\/v2\/types\/page"}],"author":[{"embeddable":true,"href":"https:\/\/avastetoi.hu\/index.php\/wp-json\/wp\/v2\/users\/1"}],"replies":[{"embeddable":true,"href":"https:\/\/avastetoi.hu\/index.php\/wp-json\/wp\/v2\/comments?post=13"}],"version-history":[{"count":3,"href":"https:\/\/avastetoi.hu\/index.php\/wp-json\/wp\/v2\/pages\/13\/revisions"}],"predecessor-version":[{"id":418,"href":"https:\/\/avastetoi.hu\/index.php\/wp-json\/wp\/v2\/pages\/13\/revisions\/418"}],"wp:attachment":[{"href":"https:\/\/avastetoi.hu\/index.php\/wp-json\/wp\/v2\/media?parent=13"}],"curies":[{"name":"wp","href":"https:\/\/api.w.org\/{rel}","templated":true}]}}