{"id":15,"date":"2025-02-20T12:13:21","date_gmt":"2025-02-20T12:13:21","guid":{"rendered":"http:\/\/127.0.0.1\/?page_id=15"},"modified":"2025-08-26T05:30:09","modified_gmt":"2025-08-26T05:30:09","slug":"palyazatok","status":"publish","type":"page","link":"https:\/\/avastetoi.hu\/index.php\/palyazatok\/","title":{"rendered":"P\u00e1ly\u00e1zatok"},"content":{"rendered":"\n<p><\/p>\n\n\n<div class=\"wp-block-image\">\n<figure class=\"aligncenter size-full is-resized\"><img loading=\"lazy\" decoding=\"async\" width=\"282\" height=\"173\" src=\"https:\/\/avastetoi.hu\/wp-content\/uploads\/2025\/03\/hatartalanul_logo_small-2.jpg\" alt=\"\" class=\"wp-image-276\" style=\"width:141px;height:auto\"\/><\/figure>\n<\/div>\n\n\n<p class=\"has-text-align-center\"><strong>Hat\u00e1rtalanul<\/strong><\/p>\n\n\n\n<p class=\"has-text-align-center\">Miskolci Tanker\u00fcleti K\u00f6zpont<br>Avastet\u0151i \u00c1ltal\u00e1nos Iskola \u00e9s Alapfok\u00fa M\u0171v\u00e9szeti Iskola Sz\u00e9chenyi Istv\u00e1n<br>\u00c1ltal\u00e1nos Iskola \u00e9s Alapfok\u00fa M\u0171v\u00e9szeti Tagiskol\u00e1ja<\/p>\n\n\n\n<p class=\"has-text-align-center\"><strong>HAT-KP-1-2024\/1-001362<\/strong><\/p>\n\n\n\n<p class=\"has-text-align-center\"><a href=\"http:\/\/avastetoi.hu\/wp-content\/uploads\/2025\/08\/Beszamolo-HAT-KP-1-2024_1-001362.pdf\">Besz\u00e1mol\u00f3<\/a><\/p>\n\n\n<div class=\"wp-block-image\">\n<figure class=\"aligncenter size-full is-resized\"><img loading=\"lazy\" decoding=\"async\" width=\"282\" height=\"173\" src=\"https:\/\/avastetoi.hu\/wp-content\/uploads\/2025\/03\/hatartalanul_logo_small-2.jpg\" alt=\"\" class=\"wp-image-276\" style=\"width:141px;height:auto\"\/><\/figure>\n<\/div>\n\n\n<p class=\"has-text-align-center\"><strong>Hat\u00e1rtalanul<\/strong><\/p>\n\n\n\n<p class=\"has-text-align-center\">Miskolci Tanker\u00fcleti K\u00f6zpont<br>Avastet\u0151i \u00c1ltal\u00e1nos Iskola \u00e9s Alapfok\u00fa M\u0171v\u00e9szeti Iskola Sz\u00e9chenyi Istv\u00e1n<br>\u00c1ltal\u00e1nos Iskola \u00e9s Alapfok\u00fa M\u0171v\u00e9szeti Tagiskol\u00e1ja<\/p>\n\n\n\n<p class=\"has-text-align-center\"><strong>HAT-KP-1-2023\/1-000857<\/strong><\/p>\n\n\n\n<p class=\"has-text-align-center\"><a href=\"https:\/\/avastetoi.hu\/palyazatok\/hatartalanul2024\/hatartalanulSZECH2024besz.pdf\">Besz\u00e1mol\u00f3<\/a><\/p>\n\n\n<div class=\"wp-block-image\">\n<figure class=\"aligncenter size-full is-resized\"><img loading=\"lazy\" decoding=\"async\" width=\"282\" height=\"173\" src=\"https:\/\/avastetoi.hu\/wp-content\/uploads\/2025\/03\/hatartalanul_logo_small-2.jpg\" alt=\"\" class=\"wp-image-276\" style=\"width:141px;height:auto\"\/><\/figure>\n<\/div>\n\n\n<p class=\"has-text-align-center\"><strong>Hat\u00e1rtalanul<\/strong><\/p>\n\n\n\n<p class=\"has-text-align-center\">Miskolci Tanker\u00fcleti K\u00f6zpont<br>Avastet\u0151i \u00c1ltal\u00e1nos Iskola \u00e9s Alapfok\u00fa M\u0171v\u00e9szeti Iskola Sz\u00e9chenyi Istv\u00e1n<br>\u00c1ltal\u00e1nos Iskola \u00e9s Alapfok\u00fa M\u0171v\u00e9szeti Tagiskol\u00e1ja<\/p>\n\n\n\n<p class=\"has-text-align-center\"><strong>HAT-KP-1-2022\/1-001071<\/strong><\/p>\n\n\n\n<p class=\"has-text-align-center\"><a href=\"https:\/\/avastetoi.hu\/palyazatok\/hatart2023\/hatart2023teljesSZECH.pdf\">Besz\u00e1mol\u00f3<\/a><\/p>\n\n\n\n<p><\/p>\n\n\n<div class=\"wp-block-image\">\n<figure class=\"aligncenter size-full is-resized\"><img loading=\"lazy\" decoding=\"async\" width=\"282\" height=\"173\" src=\"https:\/\/avastetoi.hu\/wp-content\/uploads\/2025\/03\/hatartalanul_logo_small-2.jpg\" alt=\"\" class=\"wp-image-276\" style=\"width:141px;height:auto\"\/><\/figure>\n<\/div>\n\n\n<p class=\"has-text-align-center\">Miskolci Tanker\u00fcleti K\u00f6zpont<br>Avastet\u0151i \u00c1ltal\u00e1nos Iskola \u00e9s Alapfok\u00fa M\u0171v\u00e9szeti Iskola <\/p>\n\n\n\n<p class=\"has-text-align-center\"><strong>HAT-KP-1-2023\/1-001085<\/strong><\/p>\n\n\n\n<p class=\"has-text-align-center\"><a href=\"https:\/\/avastetoi.hu\/palyazatok\/hatartalanul2024\/hatartalanulPAG2024besz.pdf\">Besz\u00e1mol\u00f3<\/a><\/p>\n\n\n\n<p><\/p>\n\n\n<div class=\"wp-block-image\">\n<figure class=\"aligncenter size-full is-resized\"><img loading=\"lazy\" decoding=\"async\" width=\"282\" height=\"173\" src=\"https:\/\/avastetoi.hu\/wp-content\/uploads\/2025\/03\/hatartalanul_logo_small-1.jpg\" alt=\"\" class=\"wp-image-275\" style=\"width:141px;height:auto\"\/><\/figure>\n<\/div>\n\n\n<p class=\"has-text-align-center\">Miskolci Tanker\u00fcleti K\u00f6zpont<br>Avastet\u0151i \u00c1ltal\u00e1nos Iskola \u00e9s Alapfok\u00fa M\u0171v\u00e9szeti Iskola<\/p>\n\n\n\n<p class=\"has-text-align-center\"><strong>HAT-KP-1-2022\/1-000722<\/strong><\/p>\n\n\n\n<p class=\"has-text-align-center\"><a href=\"https:\/\/avastetoi.hu\/palyazatok\/hatart2023\/hatartalanul2023teljesPAG.pdf\">Besz\u00e1mol\u00f3<\/a><\/p>\n\n\n\n<p><\/p>\n\n\n<div class=\"wp-block-image\">\n<figure class=\"aligncenter size-large is-resized\"><img loading=\"lazy\" decoding=\"async\" width=\"1024\" height=\"542\" src=\"https:\/\/avastetoi.hu\/wp-content\/uploads\/2025\/03\/ERASMUS-logo-1-1024x542.jpg\" alt=\"\" class=\"wp-image-274\" style=\"width:231px;height:auto\" srcset=\"https:\/\/avastetoi.hu\/wp-content\/uploads\/2025\/03\/ERASMUS-logo-1-1024x542.jpg 1024w, https:\/\/avastetoi.hu\/wp-content\/uploads\/2025\/03\/ERASMUS-logo-1-300x159.jpg 300w, https:\/\/avastetoi.hu\/wp-content\/uploads\/2025\/03\/ERASMUS-logo-1-768x407.jpg 768w, https:\/\/avastetoi.hu\/wp-content\/uploads\/2025\/03\/ERASMUS-logo-1-1536x813.jpg 1536w, https:\/\/avastetoi.hu\/wp-content\/uploads\/2025\/03\/ERASMUS-logo-1.jpg 1964w\" sizes=\"auto, (max-width: 1024px) 100vw, 1024px\" \/><\/figure>\n<\/div>\n\n\n<p class=\"has-text-align-center\"><strong>Erasmus+ <\/strong><\/p>\n\n\n\n<p class=\"has-text-align-center\">INNOVATIVE DIGITAL TEACHER<strong><br>2022-1-hu01-ka122-SCH-000075125<\/strong><\/p>\n\n\n\n<p class=\"has-text-align-center\"><a href=\"https:\/\/avastetoi.hu\/index.php\/erasmus\/\" data-type=\"page\" data-id=\"223\">Tov\u00e1bb<\/a><\/p>\n\n\n\n<p><\/p>\n\n\n<div class=\"wp-block-image\">\n<figure class=\"aligncenter size-large is-resized\"><img loading=\"lazy\" decoding=\"async\" width=\"1024\" height=\"569\" src=\"https:\/\/avastetoi.hu\/wp-content\/uploads\/2025\/03\/kep1-1-1024x569.jpg\" alt=\"\" class=\"wp-image-273\" style=\"width:227px;height:auto\" srcset=\"https:\/\/avastetoi.hu\/wp-content\/uploads\/2025\/03\/kep1-1-1024x569.jpg 1024w, https:\/\/avastetoi.hu\/wp-content\/uploads\/2025\/03\/kep1-1-300x167.jpg 300w, https:\/\/avastetoi.hu\/wp-content\/uploads\/2025\/03\/kep1-1-768x427.jpg 768w, https:\/\/avastetoi.hu\/wp-content\/uploads\/2025\/03\/kep1-1.jpg 1302w\" sizes=\"auto, (max-width: 1024px) 100vw, 1024px\" \/><\/figure>\n<\/div>\n\n\n<p class=\"has-text-align-center\"><strong>ISKOLAI, \u00d3VODAI STRAT\u00c9GIAI PARTNERS\u00c9GEK<br>&nbsp;J\u00f3 gyakorlatok cser\u00e9je<\/strong><br>2018-1-HU01-KA229047879-1<\/p>\n\n\n\n<p class=\"has-text-align-center\"><a href=\"https:\/\/avastetoi.hu\/index.php\/erasmus\/\" data-type=\"page\" data-id=\"223\">Tov\u00e1bb<\/a><\/p>\n\n\n<div class=\"wp-block-image\">\n<figure class=\"aligncenter size-full\"><img loading=\"lazy\" decoding=\"async\" width=\"230\" height=\"160\" src=\"https:\/\/avastetoi.hu\/wp-content\/uploads\/2025\/03\/sz2020-esza-logo-1.png\" alt=\"\" class=\"wp-image-272\"\/><\/figure>\n<\/div>\n\n\n<p class=\"has-text-align-center\"><strong>Korszer\u0171 pedag\u00f3giai m\u00f3dszerek alkalmaz\u00e1s\u00e1t seg\u00edt\u0151 Iskolai K\u00f6z\u00f6ss\u00e9gi Program k\u00eds\u00e9rleti megval\u00f3s\u00edt\u00e1sa<\/strong><\/p>\n\n\n\n<p class=\"has-text-align-center\">EFOP 3.3.5-17<\/p>\n\n\n\n<p class=\"has-text-align-center\"><a href=\"https:\/\/avastetoi.hu\/palyazatok\/korszmod.pdf\">Tov\u00e1bb<\/a><\/p>\n\n\n\n<p><\/p>\n\n\n<div class=\"wp-block-image\">\n<figure class=\"aligncenter size-full is-resized\"><img loading=\"lazy\" decoding=\"async\" width=\"269\" height=\"280\" src=\"https:\/\/avastetoi.hu\/wp-content\/uploads\/2025\/03\/EFOP-3-2-3-17_-1.jpg\" alt=\"\" class=\"wp-image-271\" style=\"width:170px;height:auto\"\/><\/figure>\n<\/div>\n\n\n<p class=\"has-text-align-center\"><strong>Digit\u00e1lis k\u00f6rnyezet a k\u00f6znevel\u00e9sben<\/strong><\/p>\n\n\n\n<p class=\"has-text-align-center\">EFOP-3.2.3-17<\/p>\n\n\n\n<p class=\"has-text-align-center\"><a href=\"https:\/\/avastetoi.hu\/palyazatok\/Digitaliskornyezet.pdf\">Tov\u00e1bb<\/a><\/p>\n\n\n\n<p><\/p>\n\n\n<div class=\"wp-block-image\">\n<figure class=\"aligncenter size-full\"><img loading=\"lazy\" decoding=\"async\" width=\"100\" height=\"91\" src=\"https:\/\/avastetoi.hu\/wp-content\/uploads\/2025\/03\/39152_small-5.jpg\" alt=\"\" class=\"wp-image-270\"\/><\/figure>\n<\/div>\n\n\n<p class=\"has-text-align-center\"><strong>Kir\u00e1ndul\u00e1s p\u00e1ly\u00e1zat hetedikes oszt\u00e1lyok r\u00e9sz\u00e9re<\/strong><\/p>\n\n\n\n<p class=\"has-text-align-center\">HAT-18-01<\/p>\n\n\n\n<p class=\"has-text-align-center\"><strong>Hat-18-01-0212 &#8211; Megval\u00f3s\u00edt\u00e1s &#8211; Pattanty\u00fas<\/strong><\/p>\n\n\n\n<p class=\"has-text-align-center\"><a href=\"http:\/\/avastetoi.hu\/palyazatok\/hatartalanul2019_Pattantyus%20(1).pdf\">Tov\u00e1bb<\/a><\/p>\n\n\n\n<p><\/p>\n\n\n<div class=\"wp-block-image\">\n<figure class=\"aligncenter size-full\"><img loading=\"lazy\" decoding=\"async\" width=\"100\" height=\"91\" src=\"https:\/\/avastetoi.hu\/wp-content\/uploads\/2025\/03\/39152_small-4.jpg\" alt=\"\" class=\"wp-image-269\"\/><\/figure>\n<\/div>\n\n\n<p class=\"has-text-align-center\"><strong>Kir\u00e1ndul\u00e1s p\u00e1ly\u00e1zat hetedikes oszt\u00e1lyok r\u00e9sz\u00e9re<\/strong><\/p>\n\n\n\n<p class=\"has-text-align-center\">HAT-18-01<\/p>\n\n\n\n<p class=\"has-text-align-center\"><a href=\"https:\/\/avastetoi.hu\/palyazatok\/hatart2019.pdf\">Tov\u00e1bb<\/a><\/p>\n\n\n\n<p class=\"has-text-align-center\"><strong>Hat-18-01-0212 &#8211; Megval\u00f3s\u00edt\u00e1s &#8211; Sz\u00e9chenyi<\/strong><\/p>\n\n\n\n<p class=\"has-text-align-center\"><a href=\"https:\/\/avastetoi.hu\/palyazatok\/SZECH_HAT-18-01-2018-000212.pdf\">Tov\u00e1bb<\/a><\/p>\n\n\n\n<p><\/p>\n\n\n<div class=\"wp-block-image\">\n<figure class=\"aligncenter size-full is-resized\"><img loading=\"lazy\" decoding=\"async\" width=\"482\" height=\"187\" src=\"https:\/\/avastetoi.hu\/wp-content\/uploads\/2025\/03\/szechenyi_2020_logo-1.jpg\" alt=\"\" class=\"wp-image-268\" style=\"width:265px;height:auto\" srcset=\"https:\/\/avastetoi.hu\/wp-content\/uploads\/2025\/03\/szechenyi_2020_logo-1.jpg 482w, https:\/\/avastetoi.hu\/wp-content\/uploads\/2025\/03\/szechenyi_2020_logo-1-300x116.jpg 300w\" sizes=\"auto, (max-width: 482px) 100vw, 482px\" \/><\/figure>\n<\/div>\n\n\n<p class=\"has-text-align-center\"><strong>TIOP-1.1.1.a-15\/1-2015-0001<\/strong><\/p>\n\n\n\n<p class=\"has-text-align-center\"><em>\u201eK\u00f6znevel\u00e9si int\u00e9zm\u00e9nyek tantermi informatikai eszk\u00f6zeinek moderniz\u00e1ci\u00f3ja\u201d<\/em><\/p>\n\n\n\n<p><\/p>\n\n\n<div class=\"wp-block-image\">\n<figure class=\"aligncenter size-full is-resized\"><img loading=\"lazy\" decoding=\"async\" width=\"378\" height=\"152\" src=\"https:\/\/avastetoi.hu\/wp-content\/uploads\/2025\/03\/uj_szechenyi_terv_logo-6.jpg\" alt=\"\" class=\"wp-image-267\" style=\"width:221px;height:auto\" srcset=\"https:\/\/avastetoi.hu\/wp-content\/uploads\/2025\/03\/uj_szechenyi_terv_logo-6.jpg 378w, https:\/\/avastetoi.hu\/wp-content\/uploads\/2025\/03\/uj_szechenyi_terv_logo-6-300x121.jpg 300w\" sizes=\"auto, (max-width: 378px) 100vw, 378px\" \/><\/figure>\n<\/div>\n\n\n<p class=\"has-text-align-center\"><strong>T\u00c1MOP 3.1.4-12\/2-2012-0038<\/strong><\/p>\n\n\n\n<p class=\"has-text-align-center\"><em>\u201eAz innovat\u00edv Avastet\u0151i \u00c1ltal\u00e1nos Iskola\u201d<\/em><\/p>\n\n\n\n<p class=\"has-text-align-center\"><\/p>\n\n\n\n<p><\/p>\n\n\n<div class=\"wp-block-image\">\n<figure class=\"aligncenter size-full\"><img loading=\"lazy\" decoding=\"async\" width=\"299\" height=\"75\" src=\"https:\/\/avastetoi.hu\/wp-content\/uploads\/2025\/03\/ntp_72_rgb-3.jpg\" alt=\"\" class=\"wp-image-266\"\/><\/figure>\n<\/div>\n\n\n<p class=\"has-text-align-center\"><em><strong>&#8222;T\u00c1NCHAGYOM\u00c1NYOK SZEREPE A TEHETS\u00c9GFEJLESZT\u00c9S \u00c9S TEHETS\u00c9GGONDOZ\u00c1S TER\u00dcLET\u00c9N<\/strong>&#8222;<\/em><\/p>\n\n\n\n<p class=\"has-text-align-center\">NTP-M\u0170V-17-0131<\/p>\n\n\n\n<p><\/p>\n\n\n<div class=\"wp-block-image\">\n<figure class=\"aligncenter size-full\"><img loading=\"lazy\" decoding=\"async\" width=\"299\" height=\"75\" src=\"https:\/\/avastetoi.hu\/wp-content\/uploads\/2025\/03\/ntp_72_rgb-2.jpg\" alt=\"\" class=\"wp-image-265\"\/><\/figure>\n<\/div>\n\n\n<p class=\"has-text-align-center\"><strong><em>&#8222;\u00dcgyes kezek&#8221;<\/em><\/strong><\/p>\n\n\n\n<p class=\"has-text-align-center\">NTP-KKI-16-00195<\/p>\n\n\n\n<p class=\"has-text-align-center\"><\/p>\n\n\n\n<p><\/p>\n\n\n<div class=\"wp-block-image\">\n<figure class=\"aligncenter size-full\"><img loading=\"lazy\" decoding=\"async\" width=\"100\" height=\"91\" src=\"https:\/\/avastetoi.hu\/wp-content\/uploads\/2025\/03\/39152_small-3.jpg\" alt=\"\" class=\"wp-image-264\"\/><\/figure>\n<\/div>\n\n\n<p class=\"has-text-align-center\"><strong>Hat\u00e1rtalanul p\u00e1ly\u00e1zat 2017.<\/strong><\/p>\n\n\n\n<p class=\"has-text-align-center\"><em>&#8222;Felvid\u00e9ki kalandoz\u00e1sok&#8221;<\/em><\/p>\n\n\n\n<p class=\"has-text-align-center\"><\/p>\n\n\n\n<p><\/p>\n\n\n<div class=\"wp-block-image\">\n<figure class=\"aligncenter size-full\"><img loading=\"lazy\" decoding=\"async\" width=\"299\" height=\"75\" src=\"https:\/\/avastetoi.hu\/wp-content\/uploads\/2025\/03\/ntp_72_rgb-1.jpg\" alt=\"\" class=\"wp-image-263\"\/><\/figure>\n<\/div>\n\n\n<p class=\"has-text-align-center\"><strong><em>&#8222;Hagyom\u00e1nyok ment\u00e9n&#8221;<\/em><\/strong><\/p>\n\n\n\n<p class=\"has-text-align-center\">NTP-MOI-16-0071<\/p>\n\n\n\n<p class=\"has-text-align-center\"><\/p>\n\n\n\n<p><\/p>\n\n\n<div class=\"wp-block-image\">\n<figure class=\"aligncenter size-full\"><img loading=\"lazy\" decoding=\"async\" width=\"100\" height=\"91\" src=\"https:\/\/avastetoi.hu\/wp-content\/uploads\/2025\/03\/39152_small-2.jpg\" alt=\"\" class=\"wp-image-262\"\/><\/figure>\n<\/div>\n\n\n<p class=\"has-text-align-center\"><strong>Hat\u00e1rtalanul 2016. &#8211; <em>\u201e\u2026Mert a haza lelked r\u00e9sze, hat\u00e1rait bel\u00e9d v\u00e9ste\u2026\u201d<\/em><\/strong><\/p>\n\n\n\n<p class=\"has-text-align-center\">HAT\u00c1RTALANUL 2016. &#8211;&nbsp;HAT-16-01-066<\/p>\n\n\n\n<p class=\"has-text-align-center\"><a href=\"https:\/\/avastetoi.hu\/palyazatok\/kARPATALJA2016\/KIRANDULSA_KARPATALJARA2016.pdf\">Tov\u00e1bb<\/a><\/p>\n\n\n\n<p><\/p>\n\n\n<div class=\"wp-block-image\">\n<figure class=\"aligncenter size-full is-resized\"><img loading=\"lazy\" decoding=\"async\" width=\"378\" height=\"152\" src=\"https:\/\/avastetoi.hu\/wp-content\/uploads\/2025\/03\/uj_szechenyi_terv_logo-5.jpg\" alt=\"\" class=\"wp-image-261\" style=\"width:249px;height:auto\" srcset=\"https:\/\/avastetoi.hu\/wp-content\/uploads\/2025\/03\/uj_szechenyi_terv_logo-5.jpg 378w, https:\/\/avastetoi.hu\/wp-content\/uploads\/2025\/03\/uj_szechenyi_terv_logo-5-300x121.jpg 300w\" sizes=\"auto, (max-width: 378px) 100vw, 378px\" \/><\/figure>\n<\/div>\n\n\n<p class=\"has-text-align-center\"><strong>TIOP 1.1.1-12\/1-2012-0001<\/strong><\/p>\n\n\n\n<p class=\"has-text-align-center\"><em>&#8222;Int\u00e9zm\u00e9nyi informatikai infrastrukt\u00fara fejleszt\u00e9se a k\u00f6zoktat\u00e1sban&#8221;<\/em><\/p>\n\n\n\n<p><\/p>\n\n\n<div class=\"wp-block-image\">\n<figure class=\"aligncenter size-full is-resized\"><img loading=\"lazy\" decoding=\"async\" width=\"378\" height=\"152\" src=\"https:\/\/avastetoi.hu\/wp-content\/uploads\/2025\/03\/uj_szechenyi_terv_logo-4.jpg\" alt=\"\" class=\"wp-image-260\" style=\"width:249px;height:auto\" srcset=\"https:\/\/avastetoi.hu\/wp-content\/uploads\/2025\/03\/uj_szechenyi_terv_logo-4.jpg 378w, https:\/\/avastetoi.hu\/wp-content\/uploads\/2025\/03\/uj_szechenyi_terv_logo-4-300x121.jpg 300w\" sizes=\"auto, (max-width: 378px) 100vw, 378px\" \/><\/figure>\n<\/div>\n\n\n<p class=\"has-text-align-center\"><strong>TIOP-1.1.1-07\/1-2008-1173<\/strong>&nbsp;<\/p>\n\n\n\n<p class=\"has-text-align-center\"><em>&#8222;Az informatikai infrastrukt\u00fara fejleszt\u00e9se Miskolc Megyei Jog\u00fa V\u00e1ros \u00e1ltal\u00e1nos \u00e9s k\u00f6z\u00e9pfok\u00fa oktat\u00e1si int\u00e9zm\u00e9nyeiben&#8221;<\/em><\/p>\n\n\n\n<p><\/p>\n\n\n<div class=\"wp-block-image\">\n<figure class=\"aligncenter size-full is-resized\"><img loading=\"lazy\" decoding=\"async\" width=\"378\" height=\"152\" src=\"https:\/\/avastetoi.hu\/wp-content\/uploads\/2025\/03\/uj_szechenyi_terv_logo-3.jpg\" alt=\"\" class=\"wp-image-259\" style=\"width:249px;height:auto\" srcset=\"https:\/\/avastetoi.hu\/wp-content\/uploads\/2025\/03\/uj_szechenyi_terv_logo-3.jpg 378w, https:\/\/avastetoi.hu\/wp-content\/uploads\/2025\/03\/uj_szechenyi_terv_logo-3-300x121.jpg 300w\" sizes=\"auto, (max-width: 378px) 100vw, 378px\" \/><\/figure>\n<\/div>\n\n\n<p class=\"has-text-align-center\"><strong>T\u00c1MOP-3.4.2.A\/11-2-2012-0028<\/strong><\/p>\n\n\n\n<p class=\"has-text-align-center\">Saj\u00e1tos nevel\u00e9si ig\u00e9ny\u0171 gyerekek integr\u00e1ci\u00f3ja<\/p>\n\n\n\n<p class=\"has-text-align-center\"><\/p>\n\n\n\n<p><\/p>\n\n\n<div class=\"wp-block-image\">\n<figure class=\"aligncenter size-full is-resized\"><img loading=\"lazy\" decoding=\"async\" width=\"378\" height=\"152\" src=\"https:\/\/avastetoi.hu\/wp-content\/uploads\/2025\/03\/uj_szechenyi_terv_logo-2.jpg\" alt=\"\" class=\"wp-image-258\" style=\"width:249px;height:auto\" srcset=\"https:\/\/avastetoi.hu\/wp-content\/uploads\/2025\/03\/uj_szechenyi_terv_logo-2.jpg 378w, https:\/\/avastetoi.hu\/wp-content\/uploads\/2025\/03\/uj_szechenyi_terv_logo-2-300x121.jpg 300w\" sizes=\"auto, (max-width: 378px) 100vw, 378px\" \/><\/figure>\n<\/div>\n\n\n<p class=\"has-text-align-center\"><strong>T\u00c1MOP-3.1.7-11\/2-2011-0227<\/strong><\/p>\n\n\n\n<p class=\"has-text-align-center\">Referencia int\u00e9zm\u00e9nyek orsz\u00e1gos h\u00e1l\u00f3zat\u00e1nak kialak\u00edt\u00e1sa \u00e9s felk\u00e9sz\u00edt\u00e9se<\/p>\n\n\n\n<p class=\"has-text-align-center\"><\/p>\n\n\n\n<p><\/p>\n\n\n<div class=\"wp-block-image\">\n<figure class=\"aligncenter size-full\"><img loading=\"lazy\" decoding=\"async\" width=\"100\" height=\"91\" src=\"https:\/\/avastetoi.hu\/wp-content\/uploads\/2025\/03\/39152_small-1.jpg\" alt=\"\" class=\"wp-image-257\"\/><\/figure>\n<\/div>\n\n\n<p class=\"has-text-align-center\"><strong>HAT\u00c1RTALANUL! program 2011<\/strong><\/p>\n\n\n\n<p><\/p>\n\n\n\n<p><\/p>\n\n\n<div class=\"wp-block-image\">\n<figure class=\"aligncenter size-full\"><img loading=\"lazy\" decoding=\"async\" width=\"353\" height=\"90\" src=\"https:\/\/avastetoi.hu\/wp-content\/uploads\/2025\/03\/logo_nft-1.jpg\" alt=\"\" class=\"wp-image-256\" srcset=\"https:\/\/avastetoi.hu\/wp-content\/uploads\/2025\/03\/logo_nft-1.jpg 353w, https:\/\/avastetoi.hu\/wp-content\/uploads\/2025\/03\/logo_nft-1-300x76.jpg 300w\" sizes=\"auto, (max-width: 353px) 100vw, 353px\" \/><\/figure>\n<\/div>\n\n\n<p class=\"has-text-align-center\"><strong>T\u00c1MOP 3.4.3 \u2013 08\/2-2009-0060<\/strong><\/p>\n\n\n\n<p class=\"has-text-align-center\">Iskolai tehets\u00e9ggondoz\u00e1s<br><\/p>\n\n\n\n<p class=\"has-text-align-center\"><\/p>\n\n\n\n<p><\/p>\n\n\n<div class=\"wp-block-image\">\n<figure class=\"aligncenter size-full is-resized\"><img loading=\"lazy\" decoding=\"async\" width=\"378\" height=\"152\" src=\"https:\/\/avastetoi.hu\/wp-content\/uploads\/2025\/03\/uj_szechenyi_terv_logo-1.jpg\" alt=\"\" class=\"wp-image-255\" style=\"width:249px;height:auto\" srcset=\"https:\/\/avastetoi.hu\/wp-content\/uploads\/2025\/03\/uj_szechenyi_terv_logo-1.jpg 378w, https:\/\/avastetoi.hu\/wp-content\/uploads\/2025\/03\/uj_szechenyi_terv_logo-1-300x121.jpg 300w\" sizes=\"auto, (max-width: 378px) 100vw, 378px\" \/><\/figure>\n<\/div>\n\n\n<p class=\"has-text-align-center\"><strong>T\u00c1MOP-2010-3-2-11\/10-1-2010-0174 <\/strong><\/p>\n\n\n\n<p class=\"has-text-align-center\">Hagyom\u00e1nyok \u00e9s rendezv\u00e9nyek<\/p>\n\n\n\n<p class=\"has-text-align-center\"><\/p>\n\n\n\n<p><\/p>\n\n\n\n<p><\/p>\n\n\n<div class=\"wp-block-image\">\n<figure class=\"aligncenter size-full\"><img loading=\"lazy\" decoding=\"async\" width=\"197\" height=\"82\" src=\"https:\/\/avastetoi.hu\/wp-content\/uploads\/2025\/03\/hefop1-2.jpg\" alt=\"\" class=\"wp-image-254\"\/><\/figure>\n<\/div>\n\n\n<p class=\"has-text-align-center\"><strong>HEFOP-3.1.3\/B-09\/3<br><\/strong><\/p>\n\n\n\n<p class=\"has-text-align-center\"><a href=\"\/wp-uploads\/hefop313.pdf\"><a href=\"\/wp-content\/tiokhefop.PNG\">Tov\u00e1bb<\/a><\/a><\/p>\n\n\n\n<p><\/p>\n\n\n<div class=\"wp-block-image\">\n<figure class=\"aligncenter size-full\"><img loading=\"lazy\" decoding=\"async\" width=\"197\" height=\"82\" src=\"https:\/\/avastetoi.hu\/wp-content\/uploads\/2025\/03\/hefop1-1.jpg\" alt=\"\" class=\"wp-image-253\"\/><\/figure>\n<\/div>\n\n\n<p class=\"has-text-align-center\"><strong>T\u00c1MOP 3.2.2\/08\/A\/2<br><\/strong><\/p>\n\n\n\n<p class=\"has-text-align-center\"><a href=\"\/wp-content\/tiokhefop.PNG\">Tov\u00e1bb<\/a><\/p>\n","protected":false},"excerpt":{"rendered":"<p>Hat\u00e1rtalanul Miskolci Tanker\u00fcleti K\u00f6zpontAvastet\u0151i \u00c1ltal\u00e1nos Iskola \u00e9s Alapfok\u00fa M\u0171v\u00e9szeti Iskola Sz\u00e9chenyi Istv\u00e1n\u00c1ltal\u00e1nos Iskola \u00e9s Alapfok\u00fa M\u0171v\u00e9szeti Tagiskol\u00e1ja HAT-KP-1-2024\/1-001362 Besz\u00e1mol\u00f3 Hat\u00e1rtalanul Miskolci Tanker\u00fcleti K\u00f6zpontAvastet\u0151i \u00c1ltal\u00e1nos Iskola \u00e9s Alapfok\u00fa M\u0171v\u00e9szeti Iskola Sz\u00e9chenyi Istv\u00e1n\u00c1ltal\u00e1nos Iskola \u00e9s Alapfok\u00fa M\u0171v\u00e9szeti Tagiskol\u00e1ja HAT-KP-1-2023\/1-000857 Besz\u00e1mol\u00f3 Hat\u00e1rtalanul Miskolci Tanker\u00fcleti K\u00f6zpontAvastet\u0151i \u00c1ltal\u00e1nos Iskola \u00e9s Alapfok\u00fa M\u0171v\u00e9szeti Iskola Sz\u00e9chenyi Istv\u00e1n\u00c1ltal\u00e1nos Iskola \u00e9s Alapfok\u00fa M\u0171v\u00e9szeti Tagiskol\u00e1ja &hellip; <a href=\"https:\/\/avastetoi.hu\/index.php\/palyazatok\/\" class=\"more-link\"><span class=\"screen-reader-text\">P\u00e1ly\u00e1zatok<\/span> b\u0151vebben&#8230; <span class=\"meta-nav\">&rarr;<\/span><\/a><\/p>\n","protected":false},"author":1,"featured_media":0,"parent":0,"menu_order":0,"comment_status":"closed","ping_status":"closed","template":"","meta":{"footnotes":""},"class_list":["post-15","page","type-page","status-publish","hentry"],"_links":{"self":[{"href":"https:\/\/avastetoi.hu\/index.php\/wp-json\/wp\/v2\/pages\/15","targetHints":{"allow":["GET"]}}],"collection":[{"href":"https:\/\/avastetoi.hu\/index.php\/wp-json\/wp\/v2\/pages"}],"about":[{"href":"https:\/\/avastetoi.hu\/index.php\/wp-json\/wp\/v2\/types\/page"}],"author":[{"embeddable":true,"href":"https:\/\/avastetoi.hu\/index.php\/wp-json\/wp\/v2\/users\/1"}],"replies":[{"embeddable":true,"href":"https:\/\/avastetoi.hu\/index.php\/wp-json\/wp\/v2\/comments?post=15"}],"version-history":[{"count":17,"href":"https:\/\/avastetoi.hu\/index.php\/wp-json\/wp\/v2\/pages\/15\/revisions"}],"predecessor-version":[{"id":384,"href":"https:\/\/avastetoi.hu\/index.php\/wp-json\/wp\/v2\/pages\/15\/revisions\/384"}],"wp:attachment":[{"href":"https:\/\/avastetoi.hu\/index.php\/wp-json\/wp\/v2\/media?parent=15"}],"curies":[{"name":"wp","href":"https:\/\/api.w.org\/{rel}","templated":true}]}}