{"id":156,"date":"2025-03-20T07:32:22","date_gmt":"2025-03-20T07:32:22","guid":{"rendered":"http:\/\/10.204.72.227\/?page_id=156"},"modified":"2026-05-11T13:32:09","modified_gmt":"2026-05-11T13:32:09","slug":"szuloknek","status":"publish","type":"page","link":"https:\/\/avastetoi.hu\/index.php\/szuloknek\/","title":{"rendered":"Sz\u00fcl\u0151knek"},"content":{"rendered":"\n<p><\/p>\n\n\n\n<p class=\"has-text-align-center\">2025\/2026 tan\u00e9v v\u00e9gi esem\u00e9nyek<\/p>\n\n\n\n<figure class=\"wp-block-table\"><table class=\"has-fixed-layout\"><tbody><tr><td class=\"has-text-align-center\" data-align=\"center\" colspan=\"3\"><strong>M\u00e1jus<\/strong><\/td><\/tr><tr><td class=\"has-text-align-center\" data-align=\"center\"><strong>1<\/strong><\/td><td class=\"has-text-align-center\" data-align=\"center\"><strong>P<\/strong><\/td><td><strong>A munka \u00fcnnepe<\/strong><\/td><\/tr><tr><td class=\"has-text-align-center\" data-align=\"center\" rowspan=\"3\"><strong>4<\/strong> <strong>&nbsp;<\/strong> <strong>&nbsp;<\/strong><\/td><td class=\"has-text-align-center\" data-align=\"center\" rowspan=\"3\"><strong>H<\/strong> <strong>&nbsp;<\/strong> <strong>&nbsp;<\/strong><\/td><td><strong>Sz\u00fcl\u0151i \u00e9rtekezlet \u2013 Sz\u00e9chenyi<\/strong><\/td><\/tr><tr><td class=\"has-text-align-center\" data-align=\"center\">K\u00f6z\u00e9piskolai felv\u00e9teli eredm\u00e9nyek<\/td><\/tr><tr><td class=\"has-text-align-center\" data-align=\"center\">Az els\u0151 \u00e9vfolyamos tanul\u00f3k diagnosztikus sz\u00f6veg\u00e9rt\u00e9si m\u00e9r\u00e9se a h\u00f3napban<\/td><\/tr><tr><td class=\"has-text-align-center\" data-align=\"center\"><strong>5<\/strong><\/td><td class=\"has-text-align-center\" data-align=\"center\"><strong>K<\/strong><\/td><td>L\u00e1z\u00e1r Ervin Program Miskolci Nemzeti Sz\u00ednh\u00e1z: H\u00e1ry J\u00e1nos 5. \u00e9vf. Sz\u00e9chenyi Iskola<\/td><\/tr><tr><td class=\"has-text-align-center\" data-align=\"center\"><strong>6<\/strong><\/td><td class=\"has-text-align-center\" data-align=\"center\"><strong>Sze<\/strong><\/td><td><strong>NETFIT m\u00e9r\u00e9s v\u00e9ge<\/strong><\/td><\/tr><tr><td class=\"has-text-align-center\" data-align=\"center\"><strong>7<\/strong><\/td><td class=\"has-text-align-center\" data-align=\"center\"><strong>Cs<\/strong><\/td><td>Nemzeti Eml\u00e9kezetpedag\u00f3giai Program Sz\u00e9phalom 7. \u00e9vfolyam Sz\u00e9chenyi Iskola<\/td><\/tr><tr><td class=\"has-text-align-center\" data-align=\"center\"><strong>11<\/strong><\/td><td class=\"has-text-align-center\" data-align=\"center\"><strong>H<\/strong><\/td><td>L\u00e1z\u00e1r Ervin Program Oszt\u00e1lytermi koncert \u00e9s hangszerbemutat\u00f3 6.7. \u00e9vfolyam Avastet\u0151i \u00e9s Sz\u00e9chenyi Iskola&nbsp;<\/td><\/tr><tr><td class=\"has-text-align-center\" data-align=\"center\">&nbsp;<\/td><td class=\"has-text-align-center\" data-align=\"center\">&nbsp;<\/td><td>Miskolc v\u00e1ros napja<\/td><\/tr><tr><td class=\"has-text-align-center\" data-align=\"center\">23<\/td><td class=\"has-text-align-center\" data-align=\"center\">Szo<\/td><td>T\u00e1rsast\u00e1nc fesztiv\u00e1l \u00e9s koreogr\u00e1fus verseny S\u00e1toralja\u00fajhely<\/td><\/tr><tr><td class=\"has-text-align-center\" data-align=\"center\">27<\/td><td class=\"has-text-align-center\" data-align=\"center\">Sze<\/td><td>Tanulm\u00e1nyi kir\u00e1ndul\u00e1s<\/td><\/tr><tr><td class=\"has-text-align-center\" data-align=\"center\">28<\/td><td class=\"has-text-align-center\" data-align=\"center\">Cs<\/td><td>D\u00d6K nap&nbsp; Avastet\u0151i-Sz\u00e9chenyi<\/td><\/tr><tr><td class=\"has-text-align-center\" data-align=\"center\">29<\/td><td class=\"has-text-align-center\" data-align=\"center\">P<\/td><td>M\u0171v\u00e9szeti vizsga M\u0171v\u00e9szetek H\u00e1za14.00 ill.16.30<\/td><\/tr><tr><td class=\"has-text-align-center\" data-align=\"center\" colspan=\"3\"><strong>J\u00fanius<\/strong><\/td><\/tr><tr><td class=\"has-text-align-center\" data-align=\"center\"><strong>3<\/strong><\/td><td class=\"has-text-align-center\" data-align=\"center\"><strong>Sze<\/strong><\/td><td>K\u00e9pz\u0151m\u0171v\u00e9szeti vizsgaki\u00e1ll\u00edt\u00e1s&nbsp; Sz\u00e9chenyi Iskola<\/td><\/tr><tr><td class=\"has-text-align-center\" data-align=\"center\"><strong>4<\/strong><\/td><td class=\"has-text-align-center\" data-align=\"center\"><strong>Cs<\/strong><\/td><td>Nemzeti \u00d6sszetartoz\u00e1s Napja<\/td><\/tr><tr><td class=\"has-text-align-center\" data-align=\"center\"><strong>5<\/strong><\/td><td class=\"has-text-align-center\" data-align=\"center\"><strong>P<\/strong><\/td><td>D\u00d6K nap Avastet\u0151i-Pattanty\u00fas<\/td><\/tr><tr><td class=\"has-text-align-center\" data-align=\"center\"><strong>8<\/strong><\/td><td class=\"has-text-align-center\" data-align=\"center\"><strong>H<\/strong><\/td><td>Orsz\u00e1gos m\u00e9r\u00e9sek el\u0151zetes tanul\u00f3i eredm\u00e9nyeinek megtekint\u00e9se OH oldal\u00e1n 4 m\u00e9r\u00e9si ter\u00fcletr\u0151l<\/td><\/tr><tr><td class=\"has-text-align-center\" data-align=\"center\"><strong>10<\/strong><\/td><td class=\"has-text-align-center\" data-align=\"center\"><strong>Sz<\/strong><\/td><td>L\u00e1z\u00e1r Ervin Program 1-2-3-4. \u00e9vf. B\u00e1bsz\u00ednh\u00e1z el\u0151ad\u00e1s Avastet\u0151i \u00e9s Sz\u00e9chenyi Iskola<\/td><\/tr><tr><td class=\"has-text-align-center\" data-align=\"center\"><strong>19<\/strong><\/td><td class=\"has-text-align-center\" data-align=\"center\"><strong>P<\/strong><\/td><td>Utols\u00f3 tan\u00edt\u00e1si nap Ballag\u00e1s Sz\u00e9chenyi 15.00, Ballag\u00e1s Pattanty\u00fas 16.30<\/td><\/tr><tr><td class=\"has-text-align-center\" data-align=\"center\"><strong>25<\/strong><\/td><td class=\"has-text-align-center\" data-align=\"center\"><strong>Cs<\/strong><\/td><td>Beiratkoz\u00e1s a k\u00f6z\u00e9pfok\u00fa iskol\u00e1kba<\/td><\/tr><tr><td class=\"has-text-align-center\" data-align=\"center\"><strong>26<\/strong><\/td><td class=\"has-text-align-center\" data-align=\"center\"><strong>P<\/strong><\/td><td>Beiratkoz\u00e1s a k\u00f6z\u00e9pfok\u00fa iskol\u00e1kba<\/td><\/tr><tr><td class=\"has-text-align-center\" data-align=\"center\">&nbsp;<\/td><td class=\"has-text-align-center\" data-align=\"center\">&nbsp;<\/td><td>Tan\u00e9vz\u00e1r\u00f3<\/td><\/tr><\/tbody><\/table><\/figure>\n\n\n\n<p>Iskol\u00e1nk nyitvatart\u00e1sa: H\u00e9tf\u0151 &#8211; P\u00e9ntek 07:00 &#8211; 17:00<\/p>\n\n\n\n<p class=\"has-text-align-center\"><strong>TISZTELT SZ\u00dcL\u0150K!<\/strong><br><br>A Pattanty\u00fas \u00c1ltal\u00e1nos Iskola Tanul\u00f3i\u00e9rt Alap\u00edtv\u00e1ny &nbsp;\u00e9s a Miskolci Sz\u00e9chenyi \u00c1ltal\u00e1nos Iskola Gyermekei\u00e9rt Alap\u00edtv\u00e1ny<br>nev\u00e9ben k\u00f6sz\u00f6nj\u00fck \u00d6n\u00f6knek az \u00f6sszevont ad\u00f3alapjuk 1%-\u00e1nak felaj\u00e1nl\u00e1s\u00e1t!<\/p>\n\n\n\n<p><strong>T\u00c9R\u00cdT\u00c9SI D\u00cdJAK V\u00c1LTOZ\u00c1SA!<\/strong><\/p>\n\n\n\n<figure class=\"wp-block-table\"><table class=\"has-fixed-layout\"><tbody><tr><td colspan=\"3\">&nbsp;<strong>A K\u00f6znevel\u00e9si int\u00e9zm\u00e9nyek \u00e9tkeztet\u00e9s\u00e9rt fizetend\u0151,&nbsp;&nbsp;2023. \u00e1prilis 1-t\u0151l hat\u00e1lyos t\u00e9r\u00edt\u00e9si d\u00edjainak m\u00e9rt\u00e9ke<br>&nbsp;Miskolc MJV \u00d6nkorm\u00e1nyzata K\u00f6zgy\u0171l\u00e9s\u00e9nek 8\/2023. (III.31.) rendelete alapj\u00e1n<\/strong>&nbsp;<\/td><\/tr><tr><td>&nbsp;<\/td><td><strong>Norm\u00e1l&nbsp;<\/strong><strong>&nbsp;<\/strong><strong>\u00e1r (Ft\/nap)<\/strong><\/td><td><strong>Di\u00e9t\u00e1s \u00e1r (Ft\/nap)<\/strong><\/td><\/tr><tr><td>t\u00edz\u00f3rai+eb\u00e9d+uzsonna (h\u00e1romszori \u00e9tkez\u00e9s) teljes \u00e1r\u00fa<\/td><td><strong>820<\/strong><\/td><td><strong>820<\/strong><\/td><\/tr><tr><td>eb\u00e9d teljes \u00e1r\u00fa<\/td><td><strong>560<\/strong><\/td><td><strong>560<\/strong><\/td><\/tr><tr><td>t\u00edz\u00f3rai+eb\u00e9d+uzsonna (h\u00e1romszori \u00e9tkez\u00e9s) 50%-os<\/td><td><strong>410<\/strong><\/td><td><strong>410<\/strong><\/td><\/tr><tr><td>eb\u00e9d 50%-os<\/td><td><strong>280<\/strong><\/td><td><strong>280<\/strong><\/td><\/tr><\/tbody><\/table><\/figure>\n\n\n\n<p><\/p>\n\n\n\n<p><strong>BANKSZ\u00c1MLASZ\u00c1M V\u00c1LTOZ\u00c1S!<\/strong><\/p>\n\n\n\n<p><strong>Tisztelt Sz\u00fcl\u0151k!<\/strong><\/p>\n\n\n\n<p>&nbsp;Ez \u00faton t\u00e1j\u00e9koztatjuk \u00d6n\u00f6ket, hogy a Miskolci K\u00f6zint\u00e9zm\u00e9ny-m\u0171k\u00f6dtet\u0151 K\u00f6zpont sz\u00e1mlavezet\u00e9s\u00e9t 2022. okt\u00f3ber 1. napj\u00e1t\u00f3l<br>az OTP BANK NYRT v\u00e9gzi.&nbsp;Az \u00e9tkez\u00e9si t\u00e9r\u00edt\u00e9si d\u00edjak utal\u00e1s\u00e1t&nbsp;a j\u00f6v\u0151ben is iskol\u00e1nk\u00e9nt elk\u00fcl\u00f6n\u00edtett alsz\u00e1ml\u00e1n fogadjuk.<\/p>\n\n\n\n<p><strong>Avastet\u0151i \u00c1ltal\u00e1nos Iskola \u00e9s Alapfok\u00fa M\u0171v\u00e9szeti Iskola<\/strong><\/p>\n\n\n\n<p><strong>11734004-15802523-10050006<\/strong><\/p>\n\n\n\n<p><strong>Avastet\u0151i \u00c1ltal\u00e1nos Iskola \u00e9s Alapfok\u00fa M\u0171v\u00e9szeti Iskola Sz\u00e9chenyi Istv\u00e1n \u00c1ltal\u00e1nos \u00e9s Alapfok\u00fa M\u0171v\u00e9szeti&nbsp;Tagiskol\u00e1ja &nbsp;<\/strong><\/p>\n\n\n\n<p>&nbsp;<strong>11734004-15802523-10060005<\/strong><\/p>\n\n\n\n<p>&nbsp;K\u00e9rj\u00fck, a kellemetlens\u00e9gek elker\u00fcl\u00e9se \u00e9rdek\u00e9ben fokozottan igyeljenek a helyes sz\u00e1mlasz\u00e1mra t\u00f6rt\u00e9n\u0151 utal\u00e1sra!<\/p>\n\n\n\n<p><strong>Tisztelt sz\u00fcl\u0151k!<\/strong><\/p>\n\n\n\n<p>T\u00e1j\u00e9koztatjuk \u00f6n\u00f6ket, hogy az \u00e9tkez\u00e9s lemond\u00e1s\u00e1t, a hi\u00e1nyz\u00e1st k\u00f6vet\u0151 \u00fajraig\u00e9nyl\u00e9st, valamint a t\u00e9r\u00edt\u00e9si d\u00edjak befizet\u00e9s\u00e9t ezent\u00falcsak az int\u00e9zm\u00e9nyekben tudj\u00e1k elint\u00e9zni.<\/p>\n\n\n\n<p>Az \u00e9tkez\u00e9s lemond\u00e1s\u00e1t a t\u00e1rgynapot megel\u0151z\u0151 napon 8:15-ig jelezz\u00e9k kiz\u00e1r\u00f3lag az al\u00e1bbi telefonsz\u00e1mokon:<br>Pattanty\u00fas &#8211; 06-46-562-229<br>Sz\u00e9chenyi &#8211; +36\/30-753-9426<\/p>\n\n\n\n<p>A t\u00e9r\u00edt\u00e9si d\u00edjakat az el\u0151re megadott id\u0151pontokban lehet befizetni. Amennyiben ezen id\u0151pontokban nem siker\u00fclt a d\u00edjak befizet\u00e9se, az al\u00e1bbi telefonsz\u00e1mon id\u0151pont egyeztet\u00e9sre van lehet\u0151s\u00e9ge:<br>Pattanty\u00fas &#8211; 06-46-562-229<\/p>\n\n\n\n<p>T\u00e1j\u00e9koztatjuk \u00f6n\u00f6ket, hogy az \u00e9tkez\u00e9si t\u00e9r\u00edt\u00e9si d\u00edj beszed\u00e9se a szolg\u00e1ltat\u00e1st megel\u0151z\u0151en, el\u0151zetes befizet\u00e9ssel val\u00f3sul meg.<\/p>\n","protected":false},"excerpt":{"rendered":"<p>2025\/2026 tan\u00e9v v\u00e9gi esem\u00e9nyek M\u00e1jus 1 P A munka \u00fcnnepe 4 &nbsp; &nbsp; H &nbsp; &nbsp; Sz\u00fcl\u0151i \u00e9rtekezlet \u2013 Sz\u00e9chenyi K\u00f6z\u00e9piskolai felv\u00e9teli eredm\u00e9nyek Az els\u0151 \u00e9vfolyamos tanul\u00f3k diagnosztikus sz\u00f6veg\u00e9rt\u00e9si m\u00e9r\u00e9se a h\u00f3napban 5 K L\u00e1z\u00e1r Ervin Program Miskolci Nemzeti Sz\u00ednh\u00e1z: H\u00e1ry J\u00e1nos 5. \u00e9vf. Sz\u00e9chenyi Iskola 6 Sze NETFIT m\u00e9r\u00e9s v\u00e9ge 7 Cs Nemzeti Eml\u00e9kezetpedag\u00f3giai &hellip; <a href=\"https:\/\/avastetoi.hu\/index.php\/szuloknek\/\" class=\"more-link\"><span class=\"screen-reader-text\">Sz\u00fcl\u0151knek<\/span> b\u0151vebben&#8230; <span class=\"meta-nav\">&rarr;<\/span><\/a><\/p>\n","protected":false},"author":1,"featured_media":0,"parent":0,"menu_order":0,"comment_status":"closed","ping_status":"closed","template":"","meta":{"footnotes":""},"class_list":["post-156","page","type-page","status-publish","hentry"],"_links":{"self":[{"href":"https:\/\/avastetoi.hu\/index.php\/wp-json\/wp\/v2\/pages\/156","targetHints":{"allow":["GET"]}}],"collection":[{"href":"https:\/\/avastetoi.hu\/index.php\/wp-json\/wp\/v2\/pages"}],"about":[{"href":"https:\/\/avastetoi.hu\/index.php\/wp-json\/wp\/v2\/types\/page"}],"author":[{"embeddable":true,"href":"https:\/\/avastetoi.hu\/index.php\/wp-json\/wp\/v2\/users\/1"}],"replies":[{"embeddable":true,"href":"https:\/\/avastetoi.hu\/index.php\/wp-json\/wp\/v2\/comments?post=156"}],"version-history":[{"count":6,"href":"https:\/\/avastetoi.hu\/index.php\/wp-json\/wp\/v2\/pages\/156\/revisions"}],"predecessor-version":[{"id":580,"href":"https:\/\/avastetoi.hu\/index.php\/wp-json\/wp\/v2\/pages\/156\/revisions\/580"}],"wp:attachment":[{"href":"https:\/\/avastetoi.hu\/index.php\/wp-json\/wp\/v2\/media?parent=156"}],"curies":[{"name":"wp","href":"https:\/\/api.w.org\/{rel}","templated":true}]}}