{"id":39,"date":"2025-02-20T13:15:56","date_gmt":"2025-02-20T13:15:56","guid":{"rendered":"http:\/\/127.0.0.1\/?page_id=39"},"modified":"2025-04-28T11:43:07","modified_gmt":"2025-04-28T11:43:07","slug":"rolunk","status":"publish","type":"page","link":"https:\/\/avastetoi.hu\/index.php\/rolunk\/","title":{"rendered":"R\u00f3lunk"},"content":{"rendered":"\n<p><em>\u201eA legt\u00f6bb, amit gyerekeinknek, tan\u00edtv\u00e1nyainknak adhatunk, saj\u00e1t bens\u0151 lehet\u0151s\u00e9geik \u00e9s korl\u00e1tjaik felismer\u00e9se, a bels\u0151 stabilit\u00e1s, a szem\u00e9lyes auton\u00f3mia szem\u00e9lyi felt\u00e9teleinek megteremt\u00e9se, valamint a v\u00e1ltoz\u00f3 vil\u00e1gban val\u00f3 t\u00e1j\u00e9koz\u00f3d\u00e1s k\u00e9szs\u00e9ge \u00e9s k\u00e9pess\u00e9ge, az es\u00e9ly a saj\u00e1t \u00e9rt\u00e9krend kialak\u00edt\u00e1s\u00e1ra.\u201d<\/em><\/p>\n\n\n\n<p><\/p>\n","protected":false},"excerpt":{"rendered":"<p>\u201eA legt\u00f6bb, amit gyerekeinknek, tan\u00edtv\u00e1nyainknak adhatunk, saj\u00e1t bens\u0151 lehet\u0151s\u00e9geik \u00e9s korl\u00e1tjaik felismer\u00e9se, a bels\u0151 stabilit\u00e1s, a szem\u00e9lyes auton\u00f3mia szem\u00e9lyi felt\u00e9teleinek megteremt\u00e9se, valamint a v\u00e1ltoz\u00f3 vil\u00e1gban val\u00f3 t\u00e1j\u00e9koz\u00f3d\u00e1s k\u00e9szs\u00e9ge \u00e9s k\u00e9pess\u00e9ge, az es\u00e9ly a saj\u00e1t \u00e9rt\u00e9krend kialak\u00edt\u00e1s\u00e1ra.\u201d<\/p>\n","protected":false},"author":1,"featured_media":0,"parent":0,"menu_order":0,"comment_status":"closed","ping_status":"closed","template":"","meta":{"footnotes":""},"class_list":["post-39","page","type-page","status-publish","hentry"],"_links":{"self":[{"href":"https:\/\/avastetoi.hu\/index.php\/wp-json\/wp\/v2\/pages\/39","targetHints":{"allow":["GET"]}}],"collection":[{"href":"https:\/\/avastetoi.hu\/index.php\/wp-json\/wp\/v2\/pages"}],"about":[{"href":"https:\/\/avastetoi.hu\/index.php\/wp-json\/wp\/v2\/types\/page"}],"author":[{"embeddable":true,"href":"https:\/\/avastetoi.hu\/index.php\/wp-json\/wp\/v2\/users\/1"}],"replies":[{"embeddable":true,"href":"https:\/\/avastetoi.hu\/index.php\/wp-json\/wp\/v2\/comments?post=39"}],"version-history":[{"count":2,"href":"https:\/\/avastetoi.hu\/index.php\/wp-json\/wp\/v2\/pages\/39\/revisions"}],"predecessor-version":[{"id":322,"href":"https:\/\/avastetoi.hu\/index.php\/wp-json\/wp\/v2\/pages\/39\/revisions\/322"}],"wp:attachment":[{"href":"https:\/\/avastetoi.hu\/index.php\/wp-json\/wp\/v2\/media?parent=39"}],"curies":[{"name":"wp","href":"https:\/\/api.w.org\/{rel}","templated":true}]}}