{"id":451,"date":"2025-11-11T07:27:13","date_gmt":"2025-11-11T07:27:13","guid":{"rendered":"https:\/\/avastetoi.hu\/?page_id=451"},"modified":"2026-02-02T06:42:45","modified_gmt":"2026-02-02T06:42:45","slug":"leendo-elsosoknek","status":"publish","type":"page","link":"https:\/\/avastetoi.hu\/index.php\/leendo-elsosoknek\/","title":{"rendered":"Leend\u0151 els\u0151s\u00f6knek"},"content":{"rendered":"\n<div data-wp-interactive=\"core\/file\" class=\"wp-block-file\"><object data-wp-bind--hidden=\"!state.hasPdfPreview\" hidden class=\"wp-block-file__embed\" data=\"https:\/\/avastetoi.hu\/wp-content\/uploads\/2025\/11\/Beiskolazasi-programok-Szechenyi.pdf\" type=\"application\/pdf\" style=\"width:100%;height:600px\" aria-label=\"04659_1  be\u00e1gyaz\u00e1sa\"><\/object><a id=\"wp-block-file--media-d5bb355a-b105-4e1f-8852-33f34c5e8660\" href=\"https:\/\/avastetoi.hu\/wp-content\/uploads\/2025\/11\/Beiskolazasi-programok-Szechenyi.pdf\">04659_1 <\/a><a href=\"https:\/\/avastetoi.hu\/wp-content\/uploads\/2025\/11\/Beiskolazasi-programok-Szechenyi.pdf\" class=\"wp-block-file__button wp-element-button\" download aria-describedby=\"wp-block-file--media-d5bb355a-b105-4e1f-8852-33f34c5e8660\">Let\u00f6lt\u00e9s<\/a><\/div>\n\n\n\n<div data-wp-interactive=\"core\/file\" class=\"wp-block-file\"><object data-wp-bind--hidden=\"!state.hasPdfPreview\" hidden class=\"wp-block-file__embed\" data=\"https:\/\/avastetoi.hu\/wp-content\/uploads\/2025\/11\/Hasznos-tanacsok-az-iskolakezdeshez.pdf\" type=\"application\/pdf\" style=\"width:100%;height:600px\" aria-label=\"04659_1  be\u00e1gyaz\u00e1sa\"><\/object><a id=\"wp-block-file--media-d5bb355a-b105-4e1f-8852-33f34c5e8660\" href=\"https:\/\/avastetoi.hu\/wp-content\/uploads\/2025\/11\/Hasznos-tanacsok-az-iskolakezdeshez.pdf\">04659_1 <\/a><a href=\"https:\/\/avastetoi.hu\/wp-content\/uploads\/2025\/11\/Hasznos-tanacsok-az-iskolakezdeshez.pdf\" class=\"wp-block-file__button wp-element-button\" download aria-describedby=\"wp-block-file--media-d5bb355a-b105-4e1f-8852-33f34c5e8660\">Let\u00f6lt\u00e9s<\/a><\/div>\n\n\n\n<div data-wp-interactive=\"core\/file\" class=\"wp-block-file\"><object data-wp-bind--hidden=\"!state.hasPdfPreview\" hidden class=\"wp-block-file__embed\" data=\"https:\/\/avastetoi.hu\/wp-content\/uploads\/2025\/11\/Kulonleges-banasmodot-igenylo-gyermekek-oktatasa-nevelese.pdf\" type=\"application\/pdf\" style=\"width:100%;height:600px\" aria-label=\"04659_1  be\u00e1gyaz\u00e1sa\"><\/object><a id=\"wp-block-file--media-d5bb355a-b105-4e1f-8852-33f34c5e8660\" href=\"https:\/\/avastetoi.hu\/wp-content\/uploads\/2025\/11\/Kulonleges-banasmodot-igenylo-gyermekek-oktatasa-nevelese.pdf\">04659_1 <\/a><a href=\"https:\/\/avastetoi.hu\/wp-content\/uploads\/2025\/11\/Kulonleges-banasmodot-igenylo-gyermekek-oktatasa-nevelese.pdf\" class=\"wp-block-file__button wp-element-button\" download aria-describedby=\"wp-block-file--media-d5bb355a-b105-4e1f-8852-33f34c5e8660\">Let\u00f6lt\u00e9s<\/a><\/div>\n\n\n\n<div data-wp-interactive=\"core\/file\" class=\"wp-block-file\"><object data-wp-bind--hidden=\"!state.hasPdfPreview\" hidden class=\"wp-block-file__embed\" data=\"https:\/\/avastetoi.hu\/wp-content\/uploads\/2025\/11\/Muveszeti-kepzes.pdf\" type=\"application\/pdf\" style=\"width:100%;height:600px\" aria-label=\"04659_1  be\u00e1gyaz\u00e1sa\"><\/object><a id=\"wp-block-file--media-d5bb355a-b105-4e1f-8852-33f34c5e8660\" href=\"https:\/\/avastetoi.hu\/wp-content\/uploads\/2025\/11\/Muveszeti-kepzes.pdf\">04659_1 <\/a><a href=\"https:\/\/avastetoi.hu\/wp-content\/uploads\/2025\/11\/Muveszeti-kepzes.pdf\" class=\"wp-block-file__button wp-element-button\" download aria-describedby=\"wp-block-file--media-d5bb355a-b105-4e1f-8852-33f34c5e8660\">Let\u00f6lt\u00e9s<\/a><\/div>\n\n\n\n<div data-wp-interactive=\"core\/file\" class=\"wp-block-file\"><object data-wp-bind--hidden=\"!state.hasPdfPreview\" hidden class=\"wp-block-file__embed\" data=\"https:\/\/avastetoi.hu\/wp-content\/uploads\/2025\/11\/Ismerkedes-az-elsos-tankonyvekkel.pdf\" type=\"application\/pdf\" style=\"width:100%;height:600px\" aria-label=\"04659_1 Ismerkedes_leendo_elsosokkel be\u00e1gyaz\u00e1sa\"><\/object><a id=\"wp-block-file--media-d5bb355a-b105-4e1f-8852-33f34c5e8660\" href=\"https:\/\/avastetoi.hu\/wp-content\/uploads\/2025\/11\/Ismerkedes-az-elsos-tankonyvekkel.pdf\">04659_1 Ismerkedes_leendo_elsosokkel<\/a><a href=\"https:\/\/avastetoi.hu\/wp-content\/uploads\/2025\/11\/Ismerkedes-az-elsos-tankonyvekkel.pdf\" class=\"wp-block-file__button wp-element-button\" download aria-describedby=\"wp-block-file--media-d5bb355a-b105-4e1f-8852-33f34c5e8660\">Let\u00f6lt\u00e9s<\/a><\/div>\n","protected":false},"excerpt":{"rendered":"","protected":false},"author":1,"featured_media":0,"parent":0,"menu_order":0,"comment_status":"closed","ping_status":"closed","template":"","meta":{"footnotes":""},"class_list":["post-451","page","type-page","status-publish","hentry"],"_links":{"self":[{"href":"https:\/\/avastetoi.hu\/index.php\/wp-json\/wp\/v2\/pages\/451","targetHints":{"allow":["GET"]}}],"collection":[{"href":"https:\/\/avastetoi.hu\/index.php\/wp-json\/wp\/v2\/pages"}],"about":[{"href":"https:\/\/avastetoi.hu\/index.php\/wp-json\/wp\/v2\/types\/page"}],"author":[{"embeddable":true,"href":"https:\/\/avastetoi.hu\/index.php\/wp-json\/wp\/v2\/users\/1"}],"replies":[{"embeddable":true,"href":"https:\/\/avastetoi.hu\/index.php\/wp-json\/wp\/v2\/comments?post=451"}],"version-history":[{"count":8,"href":"https:\/\/avastetoi.hu\/index.php\/wp-json\/wp\/v2\/pages\/451\/revisions"}],"predecessor-version":[{"id":518,"href":"https:\/\/avastetoi.hu\/index.php\/wp-json\/wp\/v2\/pages\/451\/revisions\/518"}],"wp:attachment":[{"href":"https:\/\/avastetoi.hu\/index.php\/wp-json\/wp\/v2\/media?parent=451"}],"curies":[{"name":"wp","href":"https:\/\/api.w.org\/{rel}","templated":true}]}}