{"id":77,"date":"2025-03-18T08:52:40","date_gmt":"2025-03-18T08:52:40","guid":{"rendered":"http:\/\/10.204.72.227\/?page_id=77"},"modified":"2025-11-13T06:53:45","modified_gmt":"2025-11-13T06:53:45","slug":"kozzeteteli-lista","status":"publish","type":"page","link":"https:\/\/avastetoi.hu\/index.php\/kozzeteteli-lista\/","title":{"rendered":"K\u00f6zz\u00e9t\u00e9teli lista"},"content":{"rendered":"\n<h2 class=\"wp-block-heading\">K\u00fcl\u00f6n\u00f6s k\u00f6zz\u00e9t\u00e9teli lista 2025-2026. tan\u00e9v<\/h2>\n\n\n\n<h3 class=\"wp-block-heading\"><a href=\"https:\/\/kir.oktatas.hu\/kirint.show\/1028985\"><u>Avastet\u0151i \u00c1ltal\u00e1nos Iskola \u00e9s Alapfok\u00fa M\u0171v\u00e9szeti Iskola<\/u><\/a><\/h3>\n\n\n\n<p><strong><a href=\"http:\/\/avastetoi.hu\/wp-content\/uploads\/2025\/10\/Intezmenyi-tanfelugyeleti-ellenorzesek-megallapitasai.pdf\"><u>Int\u00e9zm\u00e9nyi tanfel\u00fcgyeleti ellen\u0151rz\u00e9sek meg\u00e1llap\u00edt\u00e1sai<\/u><\/a><\/strong><\/p>\n\n\n\n<h3 class=\"wp-block-heading\"><a href=\"http:\/\/avastetoi.hu\/wp-content\/uploads\/2025\/11\/tanulmanyi-atlag-nyomonkovetes.pdf\"><u>Tanul\u00f3ink tanulm\u00e1nyi eredm\u00e9ny\u00e9nek nyomon k\u00f6vet\u00e9se a k\u00f6z\u00e9piskol\u00e1k visszajelz\u00e9se alapj\u00e1n<\/u><\/a><\/h3>\n\n\n\n<h4 class=\"wp-block-heading\"><a href=\"http:\/\/avastetoi.hu\/wp-content\/uploads\/2025\/11\/2023_2024_8.1.pdf\"><u>2023\/2024-es tan\u00e9v 8\/1  oszt\u00e1ly<\/u><\/a><\/h4>\n\n\n\n<h4 class=\"wp-block-heading\"><a href=\"http:\/\/avastetoi.hu\/wp-content\/uploads\/2025\/11\/2023_2024_8.2.pdf\"><u>2023\/2024-es tan\u00e9v 8\/2 oszt\u00e1ly<\/u><\/a><\/h4>\n\n\n\n<h4 class=\"wp-block-heading\"><a href=\"http:\/\/avastetoi.hu\/wp-content\/uploads\/2025\/11\/2022_2023_8.1.pdf\"><u>2022\/2023-as tan\u00e9v 8\/1 oszt\u00e1ly<\/u><\/a><\/h4>\n\n\n\n<h4 class=\"wp-block-heading\"><a href=\"http:\/\/avastetoi.hu\/wp-content\/uploads\/2025\/11\/2022_2023_8.2.pdf\"><u>2022\/2023-as tan\u00e9v 8\/2 oszt\u00e1ly<\/u><\/a><\/h4>\n\n\n\n<h4 class=\"wp-block-heading\"><a href=\"http:\/\/avastetoi.hu\/wp-content\/uploads\/2025\/11\/2023_2024.8.a.pdf\"><u>2023\/2024-es tan\u00e9v 8.a oszt\u00e1ly<\/u><\/a><\/h4>\n\n\n\n<h4 class=\"wp-block-heading\"><a href=\"http:\/\/avastetoi.hu\/wp-content\/uploads\/2025\/11\/2023_2024.8.b.pdf\"><u>2023\/2024-es tan\u00e9v 8.b oszt\u00e1ly<\/u><\/a><\/h4>\n\n\n\n<h4 class=\"wp-block-heading\"><a href=\"http:\/\/avastetoi.hu\/wp-content\/uploads\/2025\/11\/2022_2023.8.a.pdf\"><u>2022\/2023-as tan\u00e9v 8.a oszt\u00e1ly<\/u><\/a><\/h4>\n\n\n\n<h4 class=\"wp-block-heading\"><a href=\"http:\/\/avastetoi.hu\/wp-content\/uploads\/2025\/11\/2022_2023.8.bpdf_.pdf\"><u>2022\/2023-as tan\u00e9v 8.b oszt\u00e1ly<\/u><\/a><\/h4>\n","protected":false},"excerpt":{"rendered":"<p>K\u00fcl\u00f6n\u00f6s k\u00f6zz\u00e9t\u00e9teli lista 2025-2026. tan\u00e9v Avastet\u0151i \u00c1ltal\u00e1nos Iskola \u00e9s Alapfok\u00fa M\u0171v\u00e9szeti Iskola Int\u00e9zm\u00e9nyi tanfel\u00fcgyeleti ellen\u0151rz\u00e9sek meg\u00e1llap\u00edt\u00e1sai Tanul\u00f3ink tanulm\u00e1nyi eredm\u00e9ny\u00e9nek nyomon k\u00f6vet\u00e9se a k\u00f6z\u00e9piskol\u00e1k visszajelz\u00e9se alapj\u00e1n 2023\/2024-es tan\u00e9v 8\/1 oszt\u00e1ly 2023\/2024-es tan\u00e9v 8\/2 oszt\u00e1ly 2022\/2023-as tan\u00e9v 8\/1 oszt\u00e1ly 2022\/2023-as tan\u00e9v 8\/2 oszt\u00e1ly 2023\/2024-es tan\u00e9v 8.a oszt\u00e1ly 2023\/2024-es tan\u00e9v 8.b oszt\u00e1ly 2022\/2023-as tan\u00e9v 8.a oszt\u00e1ly 2022\/2023-as tan\u00e9v &hellip; <a href=\"https:\/\/avastetoi.hu\/index.php\/kozzeteteli-lista\/\" class=\"more-link\"><span class=\"screen-reader-text\">K\u00f6zz\u00e9t\u00e9teli lista<\/span> b\u0151vebben&#8230; <span class=\"meta-nav\">&rarr;<\/span><\/a><\/p>\n","protected":false},"author":1,"featured_media":0,"parent":0,"menu_order":0,"comment_status":"closed","ping_status":"closed","template":"","meta":{"footnotes":""},"class_list":["post-77","page","type-page","status-publish","hentry"],"_links":{"self":[{"href":"https:\/\/avastetoi.hu\/index.php\/wp-json\/wp\/v2\/pages\/77","targetHints":{"allow":["GET"]}}],"collection":[{"href":"https:\/\/avastetoi.hu\/index.php\/wp-json\/wp\/v2\/pages"}],"about":[{"href":"https:\/\/avastetoi.hu\/index.php\/wp-json\/wp\/v2\/types\/page"}],"author":[{"embeddable":true,"href":"https:\/\/avastetoi.hu\/index.php\/wp-json\/wp\/v2\/users\/1"}],"replies":[{"embeddable":true,"href":"https:\/\/avastetoi.hu\/index.php\/wp-json\/wp\/v2\/comments?post=77"}],"version-history":[{"count":11,"href":"https:\/\/avastetoi.hu\/index.php\/wp-json\/wp\/v2\/pages\/77\/revisions"}],"predecessor-version":[{"id":477,"href":"https:\/\/avastetoi.hu\/index.php\/wp-json\/wp\/v2\/pages\/77\/revisions\/477"}],"wp:attachment":[{"href":"https:\/\/avastetoi.hu\/index.php\/wp-json\/wp\/v2\/media?parent=77"}],"curies":[{"name":"wp","href":"https:\/\/api.w.org\/{rel}","templated":true}]}}