{"id":79,"date":"2025-03-18T08:55:14","date_gmt":"2025-03-18T08:55:14","guid":{"rendered":"http:\/\/10.204.72.227\/?page_id=79"},"modified":"2025-03-27T09:05:24","modified_gmt":"2025-03-27T09:05:24","slug":"angol-kettannyelvu-kepzes","status":"publish","type":"page","link":"https:\/\/avastetoi.hu\/index.php\/angol-kettannyelvu-kepzes\/","title":{"rendered":"Angol k\u00e9ttannyelv\u0171 k\u00e9pz\u00e9s"},"content":{"rendered":"\n<p class=\"has-text-align-center\"><strong>A magyar- angol k\u00e9t tan\u00edt\u00e1si nyelv\u0171 oktat\u00e1s iskol\u00e1nkban<\/strong><\/p>\n\n\n\n<figure class=\"wp-block-image size-full\"><img loading=\"lazy\" decoding=\"async\" width=\"880\" height=\"655\" src=\"http:\/\/10.204.72.227\/wp-content\/uploads\/2025\/03\/AMGOL1.jpg\" alt=\"\" class=\"wp-image-181\" srcset=\"https:\/\/avastetoi.hu\/wp-content\/uploads\/2025\/03\/AMGOL1.jpg 880w, https:\/\/avastetoi.hu\/wp-content\/uploads\/2025\/03\/AMGOL1-300x223.jpg 300w, https:\/\/avastetoi.hu\/wp-content\/uploads\/2025\/03\/AMGOL1-768x572.jpg 768w\" sizes=\"auto, (max-width: 880px) 100vw, 880px\" \/><\/figure>\n\n\n\n<figure class=\"wp-block-image size-full\"><img loading=\"lazy\" decoding=\"async\" width=\"879\" height=\"659\" src=\"http:\/\/10.204.72.227\/wp-content\/uploads\/2025\/03\/AMGOL2.jpg\" alt=\"\" class=\"wp-image-182\" srcset=\"https:\/\/avastetoi.hu\/wp-content\/uploads\/2025\/03\/AMGOL2.jpg 879w, https:\/\/avastetoi.hu\/wp-content\/uploads\/2025\/03\/AMGOL2-300x225.jpg 300w, https:\/\/avastetoi.hu\/wp-content\/uploads\/2025\/03\/AMGOL2-768x576.jpg 768w\" sizes=\"auto, (max-width: 879px) 100vw, 879px\" \/><\/figure>\n\n\n\n<figure class=\"wp-block-image size-full\"><img loading=\"lazy\" decoding=\"async\" width=\"877\" height=\"656\" src=\"http:\/\/10.204.72.227\/wp-content\/uploads\/2025\/03\/AMGOL3.jpg\" alt=\"\" class=\"wp-image-183\" srcset=\"https:\/\/avastetoi.hu\/wp-content\/uploads\/2025\/03\/AMGOL3.jpg 877w, https:\/\/avastetoi.hu\/wp-content\/uploads\/2025\/03\/AMGOL3-300x224.jpg 300w, https:\/\/avastetoi.hu\/wp-content\/uploads\/2025\/03\/AMGOL3-768x574.jpg 768w\" sizes=\"auto, (max-width: 877px) 100vw, 877px\" \/><\/figure>\n\n\n\n<figure class=\"wp-block-image size-full\"><img loading=\"lazy\" decoding=\"async\" width=\"876\" height=\"658\" src=\"http:\/\/10.204.72.227\/wp-content\/uploads\/2025\/03\/AMGOL4.jpg\" alt=\"\" class=\"wp-image-184\" srcset=\"https:\/\/avastetoi.hu\/wp-content\/uploads\/2025\/03\/AMGOL4.jpg 876w, https:\/\/avastetoi.hu\/wp-content\/uploads\/2025\/03\/AMGOL4-300x225.jpg 300w, https:\/\/avastetoi.hu\/wp-content\/uploads\/2025\/03\/AMGOL4-768x577.jpg 768w\" sizes=\"auto, (max-width: 876px) 100vw, 876px\" \/><\/figure>\n\n\n\n<p><\/p>\n\n\n\n<p class=\"has-text-align-center\"><a href=\"https:\/\/kettannyelvu.com\/kie\/?p=koszonto\">A K\u00e9ttannyelv\u0171 Iskol\u00e1\u00e9rt Egyes\u00fclet honlapja<\/a><\/p>\n\n\n\n<p><\/p>\n","protected":false},"excerpt":{"rendered":"<p>A magyar- angol k\u00e9t tan\u00edt\u00e1si nyelv\u0171 oktat\u00e1s iskol\u00e1nkban A K\u00e9ttannyelv\u0171 Iskol\u00e1\u00e9rt Egyes\u00fclet honlapja<\/p>\n","protected":false},"author":1,"featured_media":0,"parent":0,"menu_order":0,"comment_status":"closed","ping_status":"closed","template":"","meta":{"footnotes":""},"class_list":["post-79","page","type-page","status-publish","hentry"],"_links":{"self":[{"href":"https:\/\/avastetoi.hu\/index.php\/wp-json\/wp\/v2\/pages\/79","targetHints":{"allow":["GET"]}}],"collection":[{"href":"https:\/\/avastetoi.hu\/index.php\/wp-json\/wp\/v2\/pages"}],"about":[{"href":"https:\/\/avastetoi.hu\/index.php\/wp-json\/wp\/v2\/types\/page"}],"author":[{"embeddable":true,"href":"https:\/\/avastetoi.hu\/index.php\/wp-json\/wp\/v2\/users\/1"}],"replies":[{"embeddable":true,"href":"https:\/\/avastetoi.hu\/index.php\/wp-json\/wp\/v2\/comments?post=79"}],"version-history":[{"count":3,"href":"https:\/\/avastetoi.hu\/index.php\/wp-json\/wp\/v2\/pages\/79\/revisions"}],"predecessor-version":[{"id":185,"href":"https:\/\/avastetoi.hu\/index.php\/wp-json\/wp\/v2\/pages\/79\/revisions\/185"}],"wp:attachment":[{"href":"https:\/\/avastetoi.hu\/index.php\/wp-json\/wp\/v2\/media?parent=79"}],"curies":[{"name":"wp","href":"https:\/\/api.w.org\/{rel}","templated":true}]}}