{"id":81,"date":"2025-03-18T08:57:01","date_gmt":"2025-03-18T08:57:01","guid":{"rendered":"http:\/\/10.204.72.227\/?page_id=81"},"modified":"2025-10-21T12:31:53","modified_gmt":"2025-10-21T12:31:53","slug":"alapfoku-muveszeti-kepzes","status":"publish","type":"page","link":"https:\/\/avastetoi.hu\/index.php\/alapfoku-muveszeti-kepzes\/","title":{"rendered":"Alapfok\u00fa m\u0171v\u00e9szeti k\u00e9pz\u00e9s"},"content":{"rendered":"\n<h3 class=\"wp-block-heading has-text-align-center\"><a href=\"http:\/\/avastetoi.hu\/wp-content\/uploads\/2025\/10\/Teritesi-dij-tandij-2025-2026.pdf\">T\u00e9r\u00edt\u00e9si d\u00edj, tand\u00edj 2025\/2026-os tan\u00e9v<\/a><\/h3>\n\n\n\n<h3 class=\"wp-block-heading has-text-align-center\"><a href=\"http:\/\/avastetoi.hu\/wp-content\/uploads\/2025\/10\/4_2024-MTK-teritesi-dij-es-tandij-szabalyzata.pdf\">Miskolci Tanker\u00fcleti K\u00f6zpont t\u00e9r\u00edt\u00e9si d\u00edj \u00e9s tand\u00edj szab\u00e1lyzata<\/a><\/h3>\n\n\n\n<p class=\"has-text-align-center\"><strong>N\u00c9PT\u00c1NC<\/strong><\/p>\n\n\n\n<p><strong>&nbsp;<\/strong>C\u00e9lunk a magyar n\u00e9pt\u00e1nc \u00e9s a n\u00e9pi kult\u00fara ir\u00e1nti \u00e9rdekl\u0151d\u00e9s elm\u00e9ly\u00edt\u00e9se a tanul\u00f3kban. A n\u00e9pi gyermekj\u00e1t\u00e9kokon \u00e9s t\u00e1ncokon kereszt\u00fcl ismerj\u00e9k meg hagyom\u00e1nyainkat, a magyar n\u00e9p t\u00e1ncait, a t\u00e1ncok l\u00e9p\u00e9sanyag\u00e1t, jellegzetess\u00e9geit, st\u00edlus\u00e1t.<\/p>\n\n\n\n<p class=\"has-text-align-center\"><strong>MODERN T\u00c1NC<\/strong><\/p>\n\n\n\n<p>C\u00e9lunk a modern- \u00e9s kort\u00e1rst\u00e1nc technik\u00e1k megismer\u00e9se \u00e9s az el\u0151\u00edrt tananyag elsaj\u00e1t\u00edt\u00e1sa mellett kialak\u00edtsa a szem\u00e9lyis\u00e9g fejl\u0151d\u00e9s\u00e9t, az \u00f6n\u00e1ll\u00f3, kapcsolatteremt\u0151 improviz\u00e1ci\u00f3t, kreativit\u00e1st.<\/p>\n\n\n\n<p class=\"has-text-align-center\"><strong>T\u00c1RSAS T\u00c1NC<\/strong><\/p>\n\n\n\n<p>T\u00f6reksz\u00fcnk a t\u00e1ncm\u0171v\u00e9szet, azon bel\u00fcl a t\u00e1rsast\u00e1nc min\u00e9l teljesebb megismer\u00e9s\u00e9re, seg\u00edts\u00fck saj\u00e1tos eszk\u00f6zeivel a tanul\u00f3k szem\u00e9lyis\u00e9g\u00e9nek form\u00e1l\u00e1s\u00e1t.<\/p>\n\n\n\n<p class=\"has-text-align-center\"><strong>SZ\u00cdNJ\u00c1T\u00c9K<\/strong><\/p>\n\n\n\n<p>C\u00e9lunk az alapfok\u00fa m\u0171v\u00e9szetoktat\u00e1s keret\u00e9ben foly\u00f3 sz\u00ednh\u00e1zi-b\u00e1bsz\u00ednh\u00e1zi nevel\u00e9ssel lehet\u0151s\u00e9get biztos\u00edtani a sz\u00ednm\u0171v\u00e9szet ir\u00e1nt vonz\u00f3d\u00f3 tanul\u00f3k k\u00e9pess\u00e9geinek fejleszt\u00e9s\u00e9re, ismereteik gyarap\u00edt\u00e1s\u00e1ra, m\u0171v\u00e9szeti kifejez\u0151 k\u00e9szs\u00e9geik kialak\u00edt\u00e1s\u00e1ra, a m\u0171v\u00e9szeti szakter\u00fcleten val\u00f3 j\u00e1rtass\u00e1g megszerz\u00e9s\u00e9re \u00e9s gyakorl\u00e1s\u00e1ra \u2013 figyelembe v\u00e9ve a tanul\u00f3k \u00e9rdekl\u0151d\u00e9s\u00e9t, \u00e9letkori saj\u00e1toss\u00e1gait, el\u0151zetes sz\u00ednh\u00e1zi-dramatikus tapasztalatait.<\/p>\n\n\n\n<p class=\"has-text-align-center\"><strong>K\u00c9PZ\u0150M\u0170V\u00c9SZET<\/strong><\/p>\n\n\n\n<p>C\u00e9lunk az eszt\u00e9tikai \u00e9rz\u00e9kenys\u00e9g &#8211; nyitotts\u00e1g, ig\u00e9nyess\u00e9g, \u00edzl\u00e9s, erk\u00f6lcsi fog\u00e9konys\u00e1g\u00e1nak kialak\u00edt\u00e1sa mellett a l\u00e1t\u00e1s kim\u0171vel\u00e9se \u00e9s tudatos\u00edt\u00e1sa, b\u0151v\u00edtve a k\u00e9pi m\u0171velts\u00e9get, a k\u00e9pi eml\u00e9kezetet \u00e9s k\u00e9pzeletet. A tervez\u0151, konstru\u00e1l\u00f3, anyagform\u00e1l\u00f3, eszk\u00f6zhaszn\u00e1l\u00f3, t\u00e1rgyk\u00e9sz\u00edt\u0151 \u00e9s k\u00f6rnyezetalak\u00edt\u00f3 tev\u00e9kenys\u00e9gek gyakorlata nemcsak a k\u00e9z\u00fcgyess\u00e9get, technikai \u00e9rz\u00e9kenys\u00e9get fejleszti, hanem kialak\u00edtja a k\u00e9pess\u00e9get a gondolatok, \u00e9rz\u00e9sek, elk\u00e9pzel\u00e9sek, tapasztalatok vizu\u00e1lis eszk\u00f6z\u00f6kkel val\u00f3 megjelen\u00edt\u00e9s\u00e9nek gyakorlat\u00e1ra.<\/p>\n","protected":false},"excerpt":{"rendered":"<p>T\u00e9r\u00edt\u00e9si d\u00edj, tand\u00edj 2025\/2026-os tan\u00e9v Miskolci Tanker\u00fcleti K\u00f6zpont t\u00e9r\u00edt\u00e9si d\u00edj \u00e9s tand\u00edj szab\u00e1lyzata N\u00c9PT\u00c1NC &nbsp;C\u00e9lunk a magyar n\u00e9pt\u00e1nc \u00e9s a n\u00e9pi kult\u00fara ir\u00e1nti \u00e9rdekl\u0151d\u00e9s elm\u00e9ly\u00edt\u00e9se a tanul\u00f3kban. A n\u00e9pi gyermekj\u00e1t\u00e9kokon \u00e9s t\u00e1ncokon kereszt\u00fcl ismerj\u00e9k meg hagyom\u00e1nyainkat, a magyar n\u00e9p t\u00e1ncait, a t\u00e1ncok l\u00e9p\u00e9sanyag\u00e1t, jellegzetess\u00e9geit, st\u00edlus\u00e1t. MODERN T\u00c1NC C\u00e9lunk a modern- \u00e9s kort\u00e1rst\u00e1nc technik\u00e1k megismer\u00e9se \u00e9s &hellip; <a href=\"https:\/\/avastetoi.hu\/index.php\/alapfoku-muveszeti-kepzes\/\" class=\"more-link\"><span class=\"screen-reader-text\">Alapfok\u00fa m\u0171v\u00e9szeti k\u00e9pz\u00e9s<\/span> b\u0151vebben&#8230; <span class=\"meta-nav\">&rarr;<\/span><\/a><\/p>\n","protected":false},"author":1,"featured_media":0,"parent":0,"menu_order":0,"comment_status":"closed","ping_status":"closed","template":"","meta":{"footnotes":""},"class_list":["post-81","page","type-page","status-publish","hentry"],"_links":{"self":[{"href":"https:\/\/avastetoi.hu\/index.php\/wp-json\/wp\/v2\/pages\/81","targetHints":{"allow":["GET"]}}],"collection":[{"href":"https:\/\/avastetoi.hu\/index.php\/wp-json\/wp\/v2\/pages"}],"about":[{"href":"https:\/\/avastetoi.hu\/index.php\/wp-json\/wp\/v2\/types\/page"}],"author":[{"embeddable":true,"href":"https:\/\/avastetoi.hu\/index.php\/wp-json\/wp\/v2\/users\/1"}],"replies":[{"embeddable":true,"href":"https:\/\/avastetoi.hu\/index.php\/wp-json\/wp\/v2\/comments?post=81"}],"version-history":[{"count":4,"href":"https:\/\/avastetoi.hu\/index.php\/wp-json\/wp\/v2\/pages\/81\/revisions"}],"predecessor-version":[{"id":428,"href":"https:\/\/avastetoi.hu\/index.php\/wp-json\/wp\/v2\/pages\/81\/revisions\/428"}],"wp:attachment":[{"href":"https:\/\/avastetoi.hu\/index.php\/wp-json\/wp\/v2\/media?parent=81"}],"curies":[{"name":"wp","href":"https:\/\/api.w.org\/{rel}","templated":true}]}}