{"id":83,"date":"2025-03-18T08:58:27","date_gmt":"2025-03-18T08:58:27","guid":{"rendered":"http:\/\/10.204.72.227\/?page_id=83"},"modified":"2025-03-27T08:46:23","modified_gmt":"2025-03-27T08:46:23","slug":"alapitvanyaink","status":"publish","type":"page","link":"https:\/\/avastetoi.hu\/index.php\/alapitvanyaink\/","title":{"rendered":"Alap\u00edtv\u00e1nyaink"},"content":{"rendered":"\n<p class=\"has-text-align-center\">Tisztelt Sz\u00fcl\u0151k!<\/p>\n\n\n\n<p>A jelenleg \u00e9rv\u00e9nyben l\u00e9v\u0151 jogszab\u00e1lyok lehet\u0151s\u00e9get biztos\u00edtanak arra, hogy mag\u00e1nszem\u00e9lyek az \u00f6sszevont ad\u00f3alapjuk 1%-\u00e1t k\u00f6zhaszn\u00fa c\u00e9lra ford\u00edts\u00e1k.<br>Azzal a k\u00e9r\u00e9ssel fordulunk \u00d6n\u00f6kh\u00f6z, hogy amennyiben lehets\u00e9ges ezt az \u00f6sszeget az iskolai alap\u00edtv\u00e1nyoknak aj\u00e1nlj\u00e1k fel.<\/p>\n\n\n\n<figure class=\"wp-block-table\"><table class=\"has-fixed-layout\"><tbody><tr><td class=\"has-text-align-center\" data-align=\"center\"><strong>Pattanty\u00fas \u00c1ltal\u00e1nos Iskola Tanul\u00f3i\u00e9rt Alap\u00edtv\u00e1ny<\/strong><\/td><td class=\"has-text-align-center\" data-align=\"center\"><strong>Miskolci Sz\u00e9chenyi \u00c1ltal\u00e1nos Iskola Gyermekei\u00e9rt Alap\u00edtv\u00e1ny<\/strong><\/td><\/tr><tr><td class=\"has-text-align-center\" data-align=\"center\">Ad\u00f3sz\u00e1m: 18414642-1-05<\/td><td class=\"has-text-align-center\" data-align=\"center\">Ad\u00f3sz\u00e1m: 18402146-1-05<\/td><\/tr><tr><td class=\"has-text-align-center\" data-align=\"center\"><\/td><td class=\"has-text-align-center\" data-align=\"center\">Banksz\u00e1mlasz\u00e1m: \u00a0OTP Bank\u00a0\u00a011734004-20368919<br><\/td><\/tr><\/tbody><\/table><\/figure>\n\n\n\n<p>K\u00f6sz\u00f6nettel:<\/p>\n\n\n\n<p>Pattanty\u00fas \u00c1ltal\u00e1nos Iskola Tanul\u00f3i\u00e9rt Alap\u00edtv\u00e1ny Kurat\u00f3riuma<\/p>\n\n\n\n<p>A kedvezm\u00e9nyezett neve: Pattanty\u00fas \u00c1ltal\u00e1nos Iskola Tanul\u00f3i\u00e9rt Alap\u00edtv\u00e1ny<br>A kedvezm\u00e9nyezett ad\u00f3sz\u00e1ma: 18414642-1-05<br><\/p>\n\n\n\n<p>Miskolci Sz\u00e9chenyi I. \u00c1lt. Iskola Gyermekei\u00e9rt Alap\u00edtv\u00e1ny Kurat\u00f3riuma<\/p>\n\n\n\n<p>A kedvezm\u00e9nyezett neve: Miskolci Sz\u00e9chenyi I. \u00c1lt. Iskola Gyermekei\u00e9rt Alap\u00edtv\u00e1ny<br>A kedvezm\u00e9nyezett ad\u00f3sz\u00e1ma: 18402146-1-05<\/p>\n","protected":false},"excerpt":{"rendered":"<p>Tisztelt Sz\u00fcl\u0151k! A jelenleg \u00e9rv\u00e9nyben l\u00e9v\u0151 jogszab\u00e1lyok lehet\u0151s\u00e9get biztos\u00edtanak arra, hogy mag\u00e1nszem\u00e9lyek az \u00f6sszevont ad\u00f3alapjuk 1%-\u00e1t k\u00f6zhaszn\u00fa c\u00e9lra ford\u00edts\u00e1k.Azzal a k\u00e9r\u00e9ssel fordulunk \u00d6n\u00f6kh\u00f6z, hogy amennyiben lehets\u00e9ges ezt az \u00f6sszeget az iskolai alap\u00edtv\u00e1nyoknak aj\u00e1nlj\u00e1k fel. Pattanty\u00fas \u00c1ltal\u00e1nos Iskola Tanul\u00f3i\u00e9rt Alap\u00edtv\u00e1ny Miskolci Sz\u00e9chenyi \u00c1ltal\u00e1nos Iskola Gyermekei\u00e9rt Alap\u00edtv\u00e1ny Ad\u00f3sz\u00e1m: 18414642-1-05 Ad\u00f3sz\u00e1m: 18402146-1-05 Banksz\u00e1mlasz\u00e1m: \u00a0OTP Bank\u00a0\u00a011734004-20368919 K\u00f6sz\u00f6nettel: Pattanty\u00fas \u00c1ltal\u00e1nos &hellip; <a href=\"https:\/\/avastetoi.hu\/index.php\/alapitvanyaink\/\" class=\"more-link\"><span class=\"screen-reader-text\">Alap\u00edtv\u00e1nyaink<\/span> b\u0151vebben&#8230; <span class=\"meta-nav\">&rarr;<\/span><\/a><\/p>\n","protected":false},"author":1,"featured_media":0,"parent":0,"menu_order":0,"comment_status":"closed","ping_status":"closed","template":"","meta":{"footnotes":""},"class_list":["post-83","page","type-page","status-publish","hentry"],"_links":{"self":[{"href":"https:\/\/avastetoi.hu\/index.php\/wp-json\/wp\/v2\/pages\/83","targetHints":{"allow":["GET"]}}],"collection":[{"href":"https:\/\/avastetoi.hu\/index.php\/wp-json\/wp\/v2\/pages"}],"about":[{"href":"https:\/\/avastetoi.hu\/index.php\/wp-json\/wp\/v2\/types\/page"}],"author":[{"embeddable":true,"href":"https:\/\/avastetoi.hu\/index.php\/wp-json\/wp\/v2\/users\/1"}],"replies":[{"embeddable":true,"href":"https:\/\/avastetoi.hu\/index.php\/wp-json\/wp\/v2\/comments?post=83"}],"version-history":[{"count":3,"href":"https:\/\/avastetoi.hu\/index.php\/wp-json\/wp\/v2\/pages\/83\/revisions"}],"predecessor-version":[{"id":177,"href":"https:\/\/avastetoi.hu\/index.php\/wp-json\/wp\/v2\/pages\/83\/revisions\/177"}],"wp:attachment":[{"href":"https:\/\/avastetoi.hu\/index.php\/wp-json\/wp\/v2\/media?parent=83"}],"curies":[{"name":"wp","href":"https:\/\/api.w.org\/{rel}","templated":true}]}}