{"id":85,"date":"2025-03-18T08:58:53","date_gmt":"2025-03-18T08:58:53","guid":{"rendered":"http:\/\/10.204.72.227\/?page_id=85"},"modified":"2025-09-15T08:43:37","modified_gmt":"2025-09-15T08:43:37","slug":"gyogytestneveles","status":"publish","type":"page","link":"https:\/\/avastetoi.hu\/index.php\/gyogytestneveles\/","title":{"rendered":"Gy\u00f3gytestnevel\u00e9s"},"content":{"rendered":"\n<p>A 2025-26-os tan\u00e9vben a&nbsp;<strong>gy\u00f3gytestnevel\u00e9s foglalkoz\u00e1sra<\/strong>&nbsp;a beiratkoz\u00e1s id\u0151pontja:<\/p>\n\n\n\n<p><strong>2025. szeptember 4. \/cs\u00fct\u00f6rt\u00f6k\/ 14:00 -16:00-ig.<\/strong><\/p>\n\n\n\n<p><strong>Helye:<\/strong>&nbsp;Avastet\u0151i- Pattanty\u00fas \u00c1ltal\u00e1nos Iskola<\/p>\n\n\n\n<p><strong>A beiratkoz\u00e1shoz sz\u00fcks\u00e9ges adatok:<br><\/strong>Lakc\u00edm<br>Telefonsz\u00e1m<br>E-mail c\u00edm<br>Sz\u00fclet\u00e9si adatok<br>Anya le\u00e1nykori neve<br>Gondvisel\u0151 neve<br>Oktat\u00e1si azonos\u00edt\u00f3<br>Taj sz\u00e1m<br>Orvosi pap\u00edrok (lehet\u0151leg f\u00e9nym\u00e1solat)<\/p>\n\n\n\n<p>Gy\u00f3gytestnevel\u0151: Galamb Zsolt (galambzsolt@gmail.com)<\/p>\n","protected":false},"excerpt":{"rendered":"<p>A 2025-26-os tan\u00e9vben a&nbsp;gy\u00f3gytestnevel\u00e9s foglalkoz\u00e1sra&nbsp;a beiratkoz\u00e1s id\u0151pontja: 2025. szeptember 4. \/cs\u00fct\u00f6rt\u00f6k\/ 14:00 -16:00-ig. Helye:&nbsp;Avastet\u0151i- Pattanty\u00fas \u00c1ltal\u00e1nos Iskola A beiratkoz\u00e1shoz sz\u00fcks\u00e9ges adatok:Lakc\u00edmTelefonsz\u00e1mE-mail c\u00edmSz\u00fclet\u00e9si adatokAnya le\u00e1nykori neveGondvisel\u0151 neveOktat\u00e1si azonos\u00edt\u00f3Taj sz\u00e1mOrvosi pap\u00edrok (lehet\u0151leg f\u00e9nym\u00e1solat) Gy\u00f3gytestnevel\u0151: Galamb Zsolt (galambzsolt@gmail.com)<\/p>\n","protected":false},"author":1,"featured_media":0,"parent":0,"menu_order":0,"comment_status":"closed","ping_status":"closed","template":"","meta":{"footnotes":""},"class_list":["post-85","page","type-page","status-publish","hentry"],"_links":{"self":[{"href":"https:\/\/avastetoi.hu\/index.php\/wp-json\/wp\/v2\/pages\/85","targetHints":{"allow":["GET"]}}],"collection":[{"href":"https:\/\/avastetoi.hu\/index.php\/wp-json\/wp\/v2\/pages"}],"about":[{"href":"https:\/\/avastetoi.hu\/index.php\/wp-json\/wp\/v2\/types\/page"}],"author":[{"embeddable":true,"href":"https:\/\/avastetoi.hu\/index.php\/wp-json\/wp\/v2\/users\/1"}],"replies":[{"embeddable":true,"href":"https:\/\/avastetoi.hu\/index.php\/wp-json\/wp\/v2\/comments?post=85"}],"version-history":[{"count":3,"href":"https:\/\/avastetoi.hu\/index.php\/wp-json\/wp\/v2\/pages\/85\/revisions"}],"predecessor-version":[{"id":396,"href":"https:\/\/avastetoi.hu\/index.php\/wp-json\/wp\/v2\/pages\/85\/revisions\/396"}],"wp:attachment":[{"href":"https:\/\/avastetoi.hu\/index.php\/wp-json\/wp\/v2\/media?parent=85"}],"curies":[{"name":"wp","href":"https:\/\/api.w.org\/{rel}","templated":true}]}}