{"id":87,"date":"2025-03-18T09:01:07","date_gmt":"2025-03-18T09:01:07","guid":{"rendered":"http:\/\/10.204.72.227\/?page_id=87"},"modified":"2025-09-23T06:44:01","modified_gmt":"2025-09-23T06:44:01","slug":"temahetek","status":"publish","type":"page","link":"https:\/\/avastetoi.hu\/index.php\/temahetek\/","title":{"rendered":"T\u00e9mahetek"},"content":{"rendered":"\n<p class=\"has-text-align-center\"><strong>2024\/2025-\u00f6s tan\u00e9v<\/strong><\/p>\n\n\n\n<p class=\"has-text-align-center\"><strong>A p\u00e9nz7 \u2013 a p\u00e9nz\u00fcgyi tudatoss\u00e1g \u00e9s gazd\u00e1lkod\u00e1s hete<\/strong><\/p>\n\n\n<div class=\"wp-block-image\">\n<figure class=\"aligncenter size-full\"><img loading=\"lazy\" decoding=\"async\" width=\"175\" height=\"123\" src=\"https:\/\/avastetoi.hu\/wp-content\/uploads\/2025\/03\/penz7logo-1.png\" alt=\"\" class=\"wp-image-248\"\/><\/figure>\n<\/div>\n\n\n<p class=\"has-text-align-center\">2025. m\u00e1rcius 3-7.<\/p>\n\n\n\n<p class=\"has-text-align-center\"><a href=\"https:\/\/www.penz7.hu\">Hivatalos honlap<\/a><\/p>\n\n\n\n<p class=\"has-text-align-center\"><a href=\"https:\/\/avastetoi.hu\/TEMAHETEK2024\/Penz7_%20beszPAG2024.pdf\">Pattanty\u00fas besz\u00e1mol\u00f3<\/a><\/p>\n\n\n\n<p class=\"has-text-align-center\"><a href=\"https:\/\/avastetoi.hu\/TEMAHETEK2024\/Penz7_%20beszSZECH2024.pdf\">Sz\u00e9chenyis besz\u00e1mol\u00f3<\/a><\/p>\n\n\n\n<p><\/p>\n\n\n\n<p class=\"has-text-align-center\"><strong>Fenntarthat\u00f3s\u00e1gi t\u00e9mah\u00e9t<\/strong><\/p>\n\n\n\n<p class=\"has-text-align-center\">2025. \u00e1prilis 7-11.<\/p>\n\n\n<div class=\"wp-block-image\">\n<figure class=\"aligncenter size-large is-resized\"><img loading=\"lazy\" decoding=\"async\" width=\"614\" height=\"1024\" src=\"http:\/\/10.204.72.227\/wp-content\/uploads\/2025\/03\/fenntartTH-614x1024.jpg\" alt=\"\" class=\"wp-image-172\" style=\"width:202px;height:auto\" srcset=\"https:\/\/avastetoi.hu\/wp-content\/uploads\/2025\/03\/fenntartTH-614x1024.jpg 614w, https:\/\/avastetoi.hu\/wp-content\/uploads\/2025\/03\/fenntartTH-180x300.jpg 180w, https:\/\/avastetoi.hu\/wp-content\/uploads\/2025\/03\/fenntartTH-768x1282.jpg 768w, https:\/\/avastetoi.hu\/wp-content\/uploads\/2025\/03\/fenntartTH.jpg 779w\" sizes=\"auto, (max-width: 614px) 100vw, 614px\" \/><\/figure>\n<\/div>\n\n\n<p class=\"has-text-align-center\"><a href=\"https:\/\/www.fenntarthatosagi.temahet.hu\/\">Hivatalos honlap<\/a><\/p>\n\n\n\n<p class=\"has-text-align-center\"><a href=\"https:\/\/avastetoi.hu\/TEMAHETEK2024\/fenntart_beszPAG2024.pdf\">Pattanty\u00fas besz\u00e1mol\u00f3<\/a><\/p>\n\n\n\n<p class=\"has-text-align-center\"><a href=\"https:\/\/avastetoi.hu\/TEMAHETEK2024\/fenntart_SZECH2024.pdf\">Sz\u00e9chenyis besz\u00e1mol\u00f3<\/a><\/p>\n\n\n\n<p><\/p>\n\n\n\n<p class=\"has-text-align-center\"><strong>Digit\u00e1lis t\u00e9mah\u00e9t<\/strong><\/p>\n\n\n\n<p class=\"has-text-align-center\">2025. m\u00e1rcius 24-28.<\/p>\n\n\n<div class=\"wp-block-image\">\n<figure class=\"aligncenter size-full is-resized\"><img loading=\"lazy\" decoding=\"async\" width=\"978\" height=\"936\" src=\"http:\/\/10.204.72.227\/wp-content\/uploads\/2025\/03\/9250156d7bcf06174b8f6f9b487e77ba.png\" alt=\"\" class=\"wp-image-190\" style=\"width:259px;height:auto\" srcset=\"https:\/\/avastetoi.hu\/wp-content\/uploads\/2025\/03\/9250156d7bcf06174b8f6f9b487e77ba.png 978w, https:\/\/avastetoi.hu\/wp-content\/uploads\/2025\/03\/9250156d7bcf06174b8f6f9b487e77ba-300x287.png 300w, https:\/\/avastetoi.hu\/wp-content\/uploads\/2025\/03\/9250156d7bcf06174b8f6f9b487e77ba-768x735.png 768w\" sizes=\"auto, (max-width: 978px) 100vw, 978px\" \/><\/figure>\n<\/div>\n\n\n<p class=\"has-text-align-center\"><a href=\"https:\/\/digitalistemahet.hu\/\">Hivatalos honlap<\/a><\/p>\n\n\n\n<p class=\"has-text-align-center\"><a href=\"https:\/\/avastetoi.hu\/TEMAHETEK2024\/DigiTH_PAG2024kepekkel.pdf\">Pattanty\u00fas besz\u00e1mol\u00f3<\/a><\/p>\n\n\n\n<p class=\"has-text-align-center\"><a href=\"https:\/\/avastetoi.hu\/TEMAHETEK2024\/DigiTH_SZECH2024.pdf\">Sz\u00e9chenyis besz\u00e1mol\u00f3<\/a><\/p>\n\n\n\n<p><\/p>\n","protected":false},"excerpt":{"rendered":"<p>2024\/2025-\u00f6s tan\u00e9v A p\u00e9nz7 \u2013 a p\u00e9nz\u00fcgyi tudatoss\u00e1g \u00e9s gazd\u00e1lkod\u00e1s hete 2025. m\u00e1rcius 3-7. Hivatalos honlap Pattanty\u00fas besz\u00e1mol\u00f3 Sz\u00e9chenyis besz\u00e1mol\u00f3 Fenntarthat\u00f3s\u00e1gi t\u00e9mah\u00e9t 2025. \u00e1prilis 7-11. Hivatalos honlap Pattanty\u00fas besz\u00e1mol\u00f3 Sz\u00e9chenyis besz\u00e1mol\u00f3 Digit\u00e1lis t\u00e9mah\u00e9t 2025. m\u00e1rcius 24-28. Hivatalos honlap Pattanty\u00fas besz\u00e1mol\u00f3 Sz\u00e9chenyis besz\u00e1mol\u00f3<\/p>\n","protected":false},"author":1,"featured_media":0,"parent":0,"menu_order":0,"comment_status":"closed","ping_status":"closed","template":"","meta":{"footnotes":""},"class_list":["post-87","page","type-page","status-publish","hentry"],"_links":{"self":[{"href":"https:\/\/avastetoi.hu\/index.php\/wp-json\/wp\/v2\/pages\/87","targetHints":{"allow":["GET"]}}],"collection":[{"href":"https:\/\/avastetoi.hu\/index.php\/wp-json\/wp\/v2\/pages"}],"about":[{"href":"https:\/\/avastetoi.hu\/index.php\/wp-json\/wp\/v2\/types\/page"}],"author":[{"embeddable":true,"href":"https:\/\/avastetoi.hu\/index.php\/wp-json\/wp\/v2\/users\/1"}],"replies":[{"embeddable":true,"href":"https:\/\/avastetoi.hu\/index.php\/wp-json\/wp\/v2\/comments?post=87"}],"version-history":[{"count":7,"href":"https:\/\/avastetoi.hu\/index.php\/wp-json\/wp\/v2\/pages\/87\/revisions"}],"predecessor-version":[{"id":398,"href":"https:\/\/avastetoi.hu\/index.php\/wp-json\/wp\/v2\/pages\/87\/revisions\/398"}],"wp:attachment":[{"href":"https:\/\/avastetoi.hu\/index.php\/wp-json\/wp\/v2\/media?parent=87"}],"curies":[{"name":"wp","href":"https:\/\/api.w.org\/{rel}","templated":true}]}}