{"id":91,"date":"2025-03-18T09:05:10","date_gmt":"2025-03-18T09:05:10","guid":{"rendered":"http:\/\/10.204.72.227\/?page_id=91"},"modified":"2025-03-19T07:37:52","modified_gmt":"2025-03-19T07:37:52","slug":"csengetesi-rend","status":"publish","type":"page","link":"https:\/\/avastetoi.hu\/index.php\/csengetesi-rend\/","title":{"rendered":"Csenget\u00e9si rend"},"content":{"rendered":"\n<figure class=\"wp-block-table\"><table class=\"has-fixed-layout\"><tbody><tr><td>\u00d3ra sorsz\u00e1ma<\/td><td>Becseng\u0151<\/td><td>Kicseng\u0151<\/td><td>Sz\u00fcnet<\/td><\/tr><tr><td>1.<\/td><td>08:00<\/td><td>08:45<\/td><td>15 perc<\/td><\/tr><tr><td>2.<\/td><td>09:00<\/td><td>09:45<\/td><td>10 perc<\/td><\/tr><tr><td>3.<\/td><td>09:55<\/td><td>10:40<\/td><td>15 perc<\/td><\/tr><tr><td>4.<\/td><td>10:55<\/td><td>11:40<\/td><td>10 perc<\/td><\/tr><tr><td>5.<\/td><td>11:50<\/td><td>12:35<\/td><td>10 perc<\/td><\/tr><tr><td>6.<\/td><td>12:45<\/td><td>13:30<\/td><td>10 perc<\/td><\/tr><tr><td>7.<\/td><td>13:40<\/td><td>14:25<\/td><td><\/td><\/tr><\/tbody><\/table><\/figure>\n","protected":false},"excerpt":{"rendered":"<p>\u00d3ra sorsz\u00e1ma Becseng\u0151 Kicseng\u0151 Sz\u00fcnet 1. 08:00 08:45 15 perc 2. 09:00 09:45 10 perc 3. 09:55 10:40 15 perc 4. 10:55 11:40 10 perc 5. 11:50 12:35 10 perc 6. 12:45 13:30 10 perc 7. 13:40 14:25<\/p>\n","protected":false},"author":1,"featured_media":0,"parent":0,"menu_order":0,"comment_status":"closed","ping_status":"closed","template":"","meta":{"footnotes":""},"class_list":["post-91","page","type-page","status-publish","hentry"],"_links":{"self":[{"href":"https:\/\/avastetoi.hu\/index.php\/wp-json\/wp\/v2\/pages\/91","targetHints":{"allow":["GET"]}}],"collection":[{"href":"https:\/\/avastetoi.hu\/index.php\/wp-json\/wp\/v2\/pages"}],"about":[{"href":"https:\/\/avastetoi.hu\/index.php\/wp-json\/wp\/v2\/types\/page"}],"author":[{"embeddable":true,"href":"https:\/\/avastetoi.hu\/index.php\/wp-json\/wp\/v2\/users\/1"}],"replies":[{"embeddable":true,"href":"https:\/\/avastetoi.hu\/index.php\/wp-json\/wp\/v2\/comments?post=91"}],"version-history":[{"count":3,"href":"https:\/\/avastetoi.hu\/index.php\/wp-json\/wp\/v2\/pages\/91\/revisions"}],"predecessor-version":[{"id":152,"href":"https:\/\/avastetoi.hu\/index.php\/wp-json\/wp\/v2\/pages\/91\/revisions\/152"}],"wp:attachment":[{"href":"https:\/\/avastetoi.hu\/index.php\/wp-json\/wp\/v2\/media?parent=91"}],"curies":[{"name":"wp","href":"https:\/\/api.w.org\/{rel}","templated":true}]}}