{"id":93,"date":"2025-03-18T09:05:21","date_gmt":"2025-03-18T09:05:21","guid":{"rendered":"http:\/\/10.204.72.227\/?page_id=93"},"modified":"2025-08-28T11:09:31","modified_gmt":"2025-08-28T11:09:31","slug":"tanszerjegyzek","status":"publish","type":"page","link":"https:\/\/avastetoi.hu\/index.php\/tanszerjegyzek\/","title":{"rendered":"Tanszerjegyz\u00e9k"},"content":{"rendered":"\n<h2 class=\"wp-block-heading\"><a href=\"http:\/\/avastetoi.hu\/wp-content\/uploads\/2025\/08\/TANSZERJEGYZEK-2025-alsos.pdf\" data-type=\"link\" data-id=\"http:\/\/avastetoi.hu\/wp-content\/uploads\/2025\/07\/Tanszerjegyzek-jav.pdf\">Als\u00f3tagozatos tanszerjegyz\u00e9k<\/a><\/h2>\n\n\n\n<h2 class=\"wp-block-heading\"><a href=\"http:\/\/avastetoi.hu\/wp-content\/uploads\/2025\/08\/Tanszerjegyzek_2025_felsos.pdf\">Fels\u0151stagozatos tanszerjegyz\u00e9k<\/a><\/h2>\n","protected":false},"excerpt":{"rendered":"<p>Als\u00f3tagozatos tanszerjegyz\u00e9k Fels\u0151stagozatos tanszerjegyz\u00e9k<\/p>\n","protected":false},"author":1,"featured_media":0,"parent":0,"menu_order":0,"comment_status":"closed","ping_status":"closed","template":"","meta":{"footnotes":""},"class_list":["post-93","page","type-page","status-publish","hentry"],"_links":{"self":[{"href":"https:\/\/avastetoi.hu\/index.php\/wp-json\/wp\/v2\/pages\/93","targetHints":{"allow":["GET"]}}],"collection":[{"href":"https:\/\/avastetoi.hu\/index.php\/wp-json\/wp\/v2\/pages"}],"about":[{"href":"https:\/\/avastetoi.hu\/index.php\/wp-json\/wp\/v2\/types\/page"}],"author":[{"embeddable":true,"href":"https:\/\/avastetoi.hu\/index.php\/wp-json\/wp\/v2\/users\/1"}],"replies":[{"embeddable":true,"href":"https:\/\/avastetoi.hu\/index.php\/wp-json\/wp\/v2\/comments?post=93"}],"version-history":[{"count":6,"href":"https:\/\/avastetoi.hu\/index.php\/wp-json\/wp\/v2\/pages\/93\/revisions"}],"predecessor-version":[{"id":389,"href":"https:\/\/avastetoi.hu\/index.php\/wp-json\/wp\/v2\/pages\/93\/revisions\/389"}],"wp:attachment":[{"href":"https:\/\/avastetoi.hu\/index.php\/wp-json\/wp\/v2\/media?parent=93"}],"curies":[{"name":"wp","href":"https:\/\/api.w.org\/{rel}","templated":true}]}}